{"id":19821,"date":"2026-04-16T14:27:43","date_gmt":"2026-04-16T14:27:43","guid":{"rendered":"https:\/\/ramonmirabet.com\/?page_id=19821"},"modified":"2026-05-08T11:42:43","modified_gmt":"2026-05-08T11:42:43","slug":"proyectos","status":"publish","type":"page","link":"https:\/\/ramonmirabet.com\/es\/proyectos\/","title":{"rendered":"Proyectos"},"content":{"rendered":"\t\t<div data-elementor-type=\"wp-page\" data-elementor-id=\"19821\" class=\"elementor elementor-19821\" data-elementor-post-type=\"page\">\n\t\t\t\t<div class=\"elementor-element elementor-element-c66b262 e-con-full e-flex e-con e-parent\" data-id=\"c66b262\" data-element_type=\"container\" data-e-type=\"container\" data-settings=\"{&quot;background_background&quot;:&quot;classic&quot;}\">\n\t\t<div class=\"elementor-element elementor-element-594faaa e-con-full e-flex e-con e-child\" data-id=\"594faaa\" data-element_type=\"container\" data-e-type=\"container\">\n\t\t\t\t<div class=\"elementor-element elementor-element-04a63d7 elementor-widget elementor-widget-the7-heading\" data-id=\"04a63d7\" data-element_type=\"widget\" data-e-type=\"widget\" data-widget_type=\"the7-heading.default\">\n\t\t\t\t<div class=\"elementor-widget-container\">\n\t\t\t\t\t<h1 class=\"the7-heading-title elementor-size-default\">Proyectos<\/h1>\t\t\t\t<\/div>\n\t\t\t\t<\/div>\n\t\t\t\t<\/div>\n\t\t\t\t<\/div>\n\t\t<div class=\"elementor-element elementor-element-518fa74 e-con-full e-flex e-con e-parent\" data-id=\"518fa74\" data-element_type=\"container\" data-e-type=\"container\">\n\t\t<div class=\"elementor-element elementor-element-ce2c20d e-grid e-con-boxed e-con e-child\" data-id=\"ce2c20d\" data-element_type=\"container\" data-e-type=\"container\">\n\t\t\t\t\t<div class=\"e-con-inner\">\n\t\t\t\t<div class=\"elementor-element elementor-element-a42d462 content-align-center icon-box-vertical-align-top icon-vertical-align-start elementor-widget elementor-widget-the7_image_box_widget\" data-id=\"a42d462\" data-element_type=\"widget\" data-e-type=\"widget\" data-widget_type=\"the7_image_box_widget.default\">\n\t\t\t\t<div class=\"elementor-widget-container\">\n\t\t\t\t\t\n\t\t<a class=\"the7-box-wrapper the7-elementor-widget box-hover the7_image_box_widget-a42d462\" href=\"https:\/\/www.jazz.barcelona\/es\/ramon-mirabet\" target=\"_blank\">\t\t\t<div class=\"box-content-wrapper\">\n\t\t\t\t\t\t\t\t<div class=\"elementor-image-div \">\n\t\t\t\t\t<div class=\"post-thumbnail-rollover layzr-bg img-css-resize-wrapper\"><img fetchpriority=\"high\" decoding=\"async\" width=\"1500\" height=\"850\" src=\"data:image\/svg+xml,%3Csvg%20xmlns%3D&#039;http%3A%2F%2Fwww.w3.org%2F2000%2Fsvg&#039;%20viewBox%3D&#039;0%200%201500%20850&#039;%2F%3E\" class=\"attachment-full size-full preload-me aspect lazy lazy-load\" alt=\"ramon_mirabet\" sizes=\"(max-width: 1500px) 100vw, 1500px\" style=\"--ratio: 1500 \/ 850;\" data-src=\"https:\/\/ramonmirabet.com\/wp-content\/uploads\/2026\/05\/ramon_mirabet.jpg\" loading=\"eager\" data-srcset=\"https:\/\/ramonmirabet.com\/wp-content\/uploads\/2026\/05\/ramon_mirabet.jpg 1500w, https:\/\/ramonmirabet.com\/wp-content\/uploads\/2026\/05\/ramon_mirabet-300x170.jpg 300w, https:\/\/ramonmirabet.com\/wp-content\/uploads\/2026\/05\/ramon_mirabet-1024x580.jpg 1024w, https:\/\/ramonmirabet.com\/wp-content\/uploads\/2026\/05\/ramon_mirabet-768x435.jpg 768w\" \/><span class=\"the7-hover-icon\"><\/span><\/div>\t\t\t\t<\/div>\n\t\t\t\t\n\t\t\t\t<div class=\"box-content\">\n\t\t\t\t\t<h2 class=\"box-heading\">Jazz<\/h2><div class=\"box-description\"> \u00abNo quiero demostrar nada con este disco; lo que quiero es disfrutar tocando con algunos de los m\u00fasicos m\u00e1s incre\u00edbles que he conocido\u00bb, explica el propio Mirabet sobre este proyecto original que lo lleva al jazz al frente de un cuarteto de lujo: Perico Sambeat, Albert Sanz, Doug Weiss y Jordi Rossy. Un homenaje \u00edntimo al jazz cl\u00e1sico y al padre del cantante, trombonista y gran apasionado del g\u00e9nero, concebido casi como una de aquellas sesiones cl\u00e1sicas de los a\u00f1os 50 y 60: \u00abGrabamos todos juntos, mir\u00e1ndonos, conversando con nuestros instrumentos. Ha sido una experiencia inolvidable.\u00bb<\/div><div class=\"box-button elementor-button elementor-size-xs\">M\u00e1s informaci\u00f3n<\/div>\t\t\t\t<\/div>\n\t\t\t<\/div>\n\t\t<\/a>\t\t\t\t<\/div>\n\t\t\t\t<\/div>\n\t\t\t\t<div class=\"elementor-element elementor-element-208a482 content-align-center icon-box-vertical-align-top icon-vertical-align-start elementor-widget elementor-widget-the7_image_box_widget\" data-id=\"208a482\" data-element_type=\"widget\" data-e-type=\"widget\" data-widget_type=\"the7_image_box_widget.default\">\n\t\t\t\t<div class=\"elementor-widget-container\">\n\t\t\t\t\t\n\t\t<a class=\"the7-box-wrapper the7-elementor-widget box-hover the7_image_box_widget-208a482\" href=\"https:\/\/www.grup62.cat\/llibre-per-sempre-mes\/445127\" target=\"_blank\">\t\t\t<div class=\"box-content-wrapper\">\n\t\t\t\t\t\t\t\t<div class=\"elementor-image-div \">\n\t\t\t\t\t<div class=\"post-thumbnail-rollover layzr-bg img-css-resize-wrapper\"><img decoding=\"async\" width=\"1675\" height=\"2560\" src=\"data:image\/svg+xml,%3Csvg%20xmlns%3D&#039;http%3A%2F%2Fwww.w3.org%2F2000%2Fsvg&#039;%20viewBox%3D&#039;0%200%201675%202560&#039;%2F%3E\" class=\"attachment-full size-full preload-me aspect lazy lazy-load\" alt=\"per sempre mes\" sizes=\"(max-width: 1675px) 100vw, 1675px\" style=\"--ratio: 1675 \/ 2560;\" data-src=\"https:\/\/ramonmirabet.com\/wp-content\/uploads\/2026\/05\/portada_per-sempre-mes_ramon-mirabet-torre_202602121456-scaled.jpg\" loading=\"eager\" data-srcset=\"https:\/\/ramonmirabet.com\/wp-content\/uploads\/2026\/05\/portada_per-sempre-mes_ramon-mirabet-torre_202602121456-scaled.jpg 1675w, https:\/\/ramonmirabet.com\/wp-content\/uploads\/2026\/05\/portada_per-sempre-mes_ramon-mirabet-torre_202602121456-196x300.jpg 196w, https:\/\/ramonmirabet.com\/wp-content\/uploads\/2026\/05\/portada_per-sempre-mes_ramon-mirabet-torre_202602121456-670x1024.jpg 670w, https:\/\/ramonmirabet.com\/wp-content\/uploads\/2026\/05\/portada_per-sempre-mes_ramon-mirabet-torre_202602121456-768x1174.jpg 768w, https:\/\/ramonmirabet.com\/wp-content\/uploads\/2026\/05\/portada_per-sempre-mes_ramon-mirabet-torre_202602121456-1005x1536.jpg 1005w, https:\/\/ramonmirabet.com\/wp-content\/uploads\/2026\/05\/portada_per-sempre-mes_ramon-mirabet-torre_202602121456-1340x2048.jpg 1340w\" \/><span class=\"the7-hover-icon\"><\/span><\/div>\t\t\t\t<\/div>\n\t\t\t\t\n\t\t\t\t<div class=\"box-content\">\n\t\t\t\t\t<h2 class=\"box-heading\">Per sempre m\u00e9s<\/h2><div class=\"box-description\">Per sempre m\u00e9s no nom\u00e9s \u00e9s el testimoni \u00edntim d\u2019un fill que acompanya el seu pare en el tram final de la vida. \u00c9s tamb\u00e9 un homenatge a la m\u00fasica, als records compartits i a tot all\u00f2 que no sempre s\u2019arriba a dir. Amb una sensibilitat desbordant i una veritat colpidora, Ramon Mirabet...<\/div><div class=\"box-button elementor-button elementor-size-xs\">M\u00e1s informaci\u00f3n<\/div>\t\t\t\t<\/div>\n\t\t\t<\/div>\n\t\t<\/a>\t\t\t\t<\/div>\n\t\t\t\t<\/div>\n\t\t\t\t<div class=\"elementor-element elementor-element-660233f content-align-center icon-box-vertical-align-top icon-vertical-align-start elementor-widget elementor-widget-the7_image_box_widget\" data-id=\"660233f\" data-element_type=\"widget\" data-e-type=\"widget\" data-widget_type=\"the7_image_box_widget.default\">\n\t\t\t\t<div class=\"elementor-widget-container\">\n\t\t\t\t\t\n\t\t<a class=\"the7-box-wrapper the7-elementor-widget box-hover the7_image_box_widget-660233f\" href=\"https:\/\/sinazulnohayverde.es\/\" target=\"_blank\">\t\t\t<div class=\"box-content-wrapper\">\n\t\t\t\t\t\t\t\t<div class=\"elementor-image-div \">\n\t\t\t\t\t<div class=\"post-thumbnail-rollover layzr-bg img-css-resize-wrapper\"><img decoding=\"async\" width=\"1280\" height=\"720\" src=\"data:image\/svg+xml,%3Csvg%20xmlns%3D&#039;http%3A%2F%2Fwww.w3.org%2F2000%2Fsvg&#039;%20viewBox%3D&#039;0%200%201280%20720&#039;%2F%3E\" class=\"attachment-full size-full preload-me aspect lazy lazy-load\" alt=\"Sin azul no hay verde\" sizes=\"(max-width: 1280px) 100vw, 1280px\" style=\"--ratio: 1280 \/ 720;\" data-src=\"https:\/\/ramonmirabet.com\/wp-content\/uploads\/2026\/05\/maxresdefault.jpg\" loading=\"eager\" data-srcset=\"https:\/\/ramonmirabet.com\/wp-content\/uploads\/2026\/05\/maxresdefault.jpg 1280w, https:\/\/ramonmirabet.com\/wp-content\/uploads\/2026\/05\/maxresdefault-300x169.jpg 300w, https:\/\/ramonmirabet.com\/wp-content\/uploads\/2026\/05\/maxresdefault-1024x576.jpg 1024w, https:\/\/ramonmirabet.com\/wp-content\/uploads\/2026\/05\/maxresdefault-768x432.jpg 768w\" \/><span class=\"the7-hover-icon\"><\/span><\/div>\t\t\t\t<\/div>\n\t\t\t\t\n\t\t\t\t<div class=\"box-content\">\n\t\t\t\t\t<h2 class=\"box-heading\">SIN AZUL NO HAY VERDE<\/h2><div class=\"box-description\">En este World Ocean Day 2025 presentamos Sin Azul no hay Verde con un adelanto de lo que ser\u00e1 la Traves\u00eda de Ramon Mirabet en 2026. Sin Azul no hay Verde es una iniciativa liderada por Ramon Mirabet y Old Surfer, la agencia de cambio dedicada a conectar la sostenibilidad con el consumidor. El proyecto nace con el objetivo de divulgar, concientizar y generar fondos para acciones destinadas a la protecci\u00f3n del mar Mediterr\u00e1neo y su biodiversidad. Sin azul no hay verde, muy pronto ser\u00e1 una canci\u00f3n y hoy, ya es un llamado a la acci\u00f3n conjunta y abierto a la participaci\u00f3n de todos.<\/div><div class=\"box-button elementor-button elementor-size-xs\">M\u00e1s informaci\u00f3n<\/div>\t\t\t\t<\/div>\n\t\t\t<\/div>\n\t\t<\/a>\t\t\t\t<\/div>\n\t\t\t\t<\/div>\n\t\t\t\t\t<\/div>\n\t\t\t\t<\/div>\n\t\t\t\t<\/div>\n\t\t\t\t<\/div>\n\t\t","protected":false},"excerpt":{"rendered":"<p>Per sempre m\u00e9s Per sempre m\u00e9s no nom\u00e9s \u00e9s el testimoni \u00edntim d\u2019un fill que acompanya el seu pare en el tram final de la vida. \u00c9s tamb\u00e9 un homenatge a la m\u00fasica, als records compartits i a tot all\u00f2 que no sempre s\u2019arriba a dir. Amb una sensibilitat desbordant i una veritat colpidora, Ramon&hellip;<\/p>\n","protected":false},"author":1,"featured_media":0,"parent":0,"menu_order":20,"comment_status":"closed","ping_status":"closed","template":"elementor_header_footer","meta":{"footnotes":""},"class_list":["post-19821","page","type-page","status-publish","hentry"],"yoast_head":"<!-- This site is optimized with the Yoast SEO plugin v27.6 - https:\/\/yoast.com\/product\/yoast-seo-wordpress\/ -->\n<title>Proyectos - Ramon Mirabet<\/title>\n<meta name=\"robots\" content=\"index, follow, max-snippet:-1, max-image-preview:large, max-video-preview:-1\" \/>\n<link rel=\"canonical\" href=\"https:\/\/ramonmirabet.com\/es\/proyectos\/\" \/>\n<meta property=\"og:locale\" content=\"es_ES\" \/>\n<meta property=\"og:type\" content=\"article\" \/>\n<meta property=\"og:title\" content=\"Proyectos - Ramon Mirabet\" \/>\n<meta property=\"og:description\" content=\"Per sempre m\u00e9s Per sempre m\u00e9s no nom\u00e9s \u00e9s el testimoni \u00edntim d\u2019un fill que acompanya el seu pare en el tram final de la vida. \u00c9s tamb\u00e9 un homenatge a la m\u00fasica, als records compartits i a tot all\u00f2 que no sempre s\u2019arriba a dir. Amb una sensibilitat desbordant i una veritat colpidora, Ramon&hellip;\" \/>\n<meta property=\"og:url\" content=\"https:\/\/ramonmirabet.com\/es\/proyectos\/\" \/>\n<meta property=\"og:site_name\" content=\"Ramon Mirabet\" \/>\n<meta property=\"article:modified_time\" content=\"2026-05-08T11:42:43+00:00\" \/>\n<meta name=\"twitter:card\" content=\"summary_large_image\" \/>\n<meta name=\"twitter:label1\" content=\"Tiempo de lectura\" \/>\n\t<meta name=\"twitter:data1\" content=\"3 minutos\" \/>\n<script type=\"application\/ld+json\" class=\"yoast-schema-graph\">{\"@context\":\"https:\\\/\\\/schema.org\",\"@graph\":[{\"@type\":\"WebPage\",\"@id\":\"https:\\\/\\\/ramonmirabet.com\\\/es\\\/proyectos\\\/\",\"url\":\"https:\\\/\\\/ramonmirabet.com\\\/es\\\/proyectos\\\/\",\"name\":\"Proyectos - Ramon Mirabet\",\"isPartOf\":{\"@id\":\"https:\\\/\\\/ramonmirabet.com\\\/#website\"},\"datePublished\":\"2026-04-16T14:27:43+00:00\",\"dateModified\":\"2026-05-08T11:42:43+00:00\",\"breadcrumb\":{\"@id\":\"https:\\\/\\\/ramonmirabet.com\\\/es\\\/proyectos\\\/#breadcrumb\"},\"inLanguage\":\"es\",\"potentialAction\":[{\"@type\":\"ReadAction\",\"target\":[\"https:\\\/\\\/ramonmirabet.com\\\/es\\\/proyectos\\\/\"]}]},{\"@type\":\"BreadcrumbList\",\"@id\":\"https:\\\/\\\/ramonmirabet.com\\\/es\\\/proyectos\\\/#breadcrumb\",\"itemListElement\":[{\"@type\":\"ListItem\",\"position\":1,\"name\":\"Home\",\"item\":\"https:\\\/\\\/ramonmirabet.com\\\/\"},{\"@type\":\"ListItem\",\"position\":2,\"name\":\"Proyectos\"}]},{\"@type\":\"WebSite\",\"@id\":\"https:\\\/\\\/ramonmirabet.com\\\/#website\",\"url\":\"https:\\\/\\\/ramonmirabet.com\\\/\",\"name\":\"Ramon Mirabet\",\"description\":\"\",\"publisher\":{\"@id\":\"https:\\\/\\\/ramonmirabet.com\\\/#organization\"},\"potentialAction\":[{\"@type\":\"SearchAction\",\"target\":{\"@type\":\"EntryPoint\",\"urlTemplate\":\"https:\\\/\\\/ramonmirabet.com\\\/?s={search_term_string}\"},\"query-input\":{\"@type\":\"PropertyValueSpecification\",\"valueRequired\":true,\"valueName\":\"search_term_string\"}}],\"inLanguage\":\"es\"},{\"@type\":\"Organization\",\"@id\":\"https:\\\/\\\/ramonmirabet.com\\\/#organization\",\"name\":\"Ramon Mirabet\",\"url\":\"https:\\\/\\\/ramonmirabet.com\\\/\",\"logo\":{\"@type\":\"ImageObject\",\"inLanguage\":\"es\",\"@id\":\"https:\\\/\\\/ramonmirabet.com\\\/#\\\/schema\\\/logo\\\/image\\\/\",\"url\":\"https:\\\/\\\/ramonmirabet.com\\\/wp-content\\\/uploads\\\/2026\\\/04\\\/logo-ramon-mirabet-1.svg\",\"contentUrl\":\"https:\\\/\\\/ramonmirabet.com\\\/wp-content\\\/uploads\\\/2026\\\/04\\\/logo-ramon-mirabet-1.svg\",\"width\":591,\"height\":73,\"caption\":\"Ramon Mirabet\"},\"image\":{\"@id\":\"https:\\\/\\\/ramonmirabet.com\\\/#\\\/schema\\\/logo\\\/image\\\/\"}}]}<\/script>\n<!-- \/ Yoast SEO plugin. -->","yoast_head_json":{"title":"Proyectos - Ramon Mirabet","robots":{"index":"index","follow":"follow","max-snippet":"max-snippet:-1","max-image-preview":"max-image-preview:large","max-video-preview":"max-video-preview:-1"},"canonical":"https:\/\/ramonmirabet.com\/es\/proyectos\/","og_locale":"es_ES","og_type":"article","og_title":"Proyectos - Ramon Mirabet","og_description":"Per sempre m\u00e9s Per sempre m\u00e9s no nom\u00e9s \u00e9s el testimoni \u00edntim d\u2019un fill que acompanya el seu pare en el tram final de la vida. \u00c9s tamb\u00e9 un homenatge a la m\u00fasica, als records compartits i a tot all\u00f2 que no sempre s\u2019arriba a dir. Amb una sensibilitat desbordant i una veritat colpidora, Ramon&hellip;","og_url":"https:\/\/ramonmirabet.com\/es\/proyectos\/","og_site_name":"Ramon Mirabet","article_modified_time":"2026-05-08T11:42:43+00:00","twitter_card":"summary_large_image","twitter_misc":{"Tiempo de lectura":"3 minutos"},"schema":{"@context":"https:\/\/schema.org","@graph":[{"@type":"WebPage","@id":"https:\/\/ramonmirabet.com\/es\/proyectos\/","url":"https:\/\/ramonmirabet.com\/es\/proyectos\/","name":"Proyectos - Ramon Mirabet","isPartOf":{"@id":"https:\/\/ramonmirabet.com\/#website"},"datePublished":"2026-04-16T14:27:43+00:00","dateModified":"2026-05-08T11:42:43+00:00","breadcrumb":{"@id":"https:\/\/ramonmirabet.com\/es\/proyectos\/#breadcrumb"},"inLanguage":"es","potentialAction":[{"@type":"ReadAction","target":["https:\/\/ramonmirabet.com\/es\/proyectos\/"]}]},{"@type":"BreadcrumbList","@id":"https:\/\/ramonmirabet.com\/es\/proyectos\/#breadcrumb","itemListElement":[{"@type":"ListItem","position":1,"name":"Home","item":"https:\/\/ramonmirabet.com\/"},{"@type":"ListItem","position":2,"name":"Proyectos"}]},{"@type":"WebSite","@id":"https:\/\/ramonmirabet.com\/#website","url":"https:\/\/ramonmirabet.com\/","name":"Ramon Mirabet","description":"","publisher":{"@id":"https:\/\/ramonmirabet.com\/#organization"},"potentialAction":[{"@type":"SearchAction","target":{"@type":"EntryPoint","urlTemplate":"https:\/\/ramonmirabet.com\/?s={search_term_string}"},"query-input":{"@type":"PropertyValueSpecification","valueRequired":true,"valueName":"search_term_string"}}],"inLanguage":"es"},{"@type":"Organization","@id":"https:\/\/ramonmirabet.com\/#organization","name":"Ramon Mirabet","url":"https:\/\/ramonmirabet.com\/","logo":{"@type":"ImageObject","inLanguage":"es","@id":"https:\/\/ramonmirabet.com\/#\/schema\/logo\/image\/","url":"https:\/\/ramonmirabet.com\/wp-content\/uploads\/2026\/04\/logo-ramon-mirabet-1.svg","contentUrl":"https:\/\/ramonmirabet.com\/wp-content\/uploads\/2026\/04\/logo-ramon-mirabet-1.svg","width":591,"height":73,"caption":"Ramon Mirabet"},"image":{"@id":"https:\/\/ramonmirabet.com\/#\/schema\/logo\/image\/"}}]}},"_links":{"self":[{"href":"https:\/\/ramonmirabet.com\/es\/wp-json\/wp\/v2\/pages\/19821","targetHints":{"allow":["GET"]}}],"collection":[{"href":"https:\/\/ramonmirabet.com\/es\/wp-json\/wp\/v2\/pages"}],"about":[{"href":"https:\/\/ramonmirabet.com\/es\/wp-json\/wp\/v2\/types\/page"}],"author":[{"embeddable":true,"href":"https:\/\/ramonmirabet.com\/es\/wp-json\/wp\/v2\/users\/1"}],"replies":[{"embeddable":true,"href":"https:\/\/ramonmirabet.com\/es\/wp-json\/wp\/v2\/comments?post=19821"}],"version-history":[{"count":5,"href":"https:\/\/ramonmirabet.com\/es\/wp-json\/wp\/v2\/pages\/19821\/revisions"}],"predecessor-version":[{"id":20248,"href":"https:\/\/ramonmirabet.com\/es\/wp-json\/wp\/v2\/pages\/19821\/revisions\/20248"}],"wp:attachment":[{"href":"https:\/\/ramonmirabet.com\/es\/wp-json\/wp\/v2\/media?parent=19821"}],"curies":[{"name":"wp","href":"https:\/\/api.w.org\/{rel}","templated":true}]}}