{"id":19601,"date":"2026-04-14T13:44:53","date_gmt":"2026-04-14T13:44:53","guid":{"rendered":"https:\/\/ramonmirabet.com\/?page_id=19601"},"modified":"2026-05-13T11:13:23","modified_gmt":"2026-05-13T11:13:23","slug":"inicio","status":"publish","type":"page","link":"https:\/\/ramonmirabet.com\/es\/","title":{"rendered":"Inicio"},"content":{"rendered":"\t\t<div data-elementor-type=\"wp-page\" data-elementor-id=\"19601\" class=\"elementor elementor-19601\" data-elementor-post-type=\"page\">\n\t\t\t\t<div class=\"elementor-element elementor-element-44a50c2 e-con-full e-flex e-con e-parent\" data-id=\"44a50c2\" data-element_type=\"container\" data-e-type=\"container\" data-settings=\"{&quot;background_background&quot;:&quot;classic&quot;}\">\n\t\t<div class=\"elementor-element elementor-element-61dbe90 e-con-full e-flex e-con e-child\" data-id=\"61dbe90\" data-element_type=\"container\" data-e-type=\"container\">\n\t\t\t\t<div class=\"elementor-element elementor-element-596dd81 content-align-left the7-hover-visibility-disabled transform-overlay-yes exceeding-frame-yes elementor-widget elementor-widget-the7-image-widget\" data-id=\"596dd81\" data-element_type=\"widget\" data-e-type=\"widget\" data-settings=\"{&quot;hover_visibility&quot;:&quot;disabled&quot;}\" data-widget_type=\"the7-image-widget.default\">\n\t\t\t\t<div class=\"elementor-widget-container\">\n\t\t\t\t\t<div class=\"the7-image-container\"><div class=\"the7-image-wrapper the7-elementor-widget the7-transform-container\"><div class=\"post-thumbnail-rollover layzr-bg img-css-resize-wrapper\"><img fetchpriority=\"high\" decoding=\"async\" width=\"1920\" height=\"1920\" src=\"data:image\/svg+xml,%3Csvg%20xmlns%3D&#039;http%3A%2F%2Fwww.w3.org%2F2000%2Fsvg&#039;%20viewBox%3D&#039;0%200%201920%201920&#039;%2F%3E\" class=\"attachment-full size-full preload-me aspect lazy lazy-load\" alt=\"All star jazz project\" sizes=\"(max-width: 1920px) 100vw, 1920px\" style=\"--ratio: 1920 \/ 1920;\" data-src=\"https:\/\/ramonmirabet.com\/wp-content\/uploads\/2026\/05\/discos-ramon-1.jpg\" loading=\"eager\" data-srcset=\"https:\/\/ramonmirabet.com\/wp-content\/uploads\/2026\/05\/discos-ramon-1.jpg 1920w, https:\/\/ramonmirabet.com\/wp-content\/uploads\/2026\/05\/discos-ramon-1-300x300.jpg 300w, https:\/\/ramonmirabet.com\/wp-content\/uploads\/2026\/05\/discos-ramon-1-1024x1024.jpg 1024w, https:\/\/ramonmirabet.com\/wp-content\/uploads\/2026\/05\/discos-ramon-1-150x150.jpg 150w, https:\/\/ramonmirabet.com\/wp-content\/uploads\/2026\/05\/discos-ramon-1-768x768.jpg 768w, https:\/\/ramonmirabet.com\/wp-content\/uploads\/2026\/05\/discos-ramon-1-1536x1536.jpg 1536w\" \/><\/div><\/div><\/div>\t\t\t\t<\/div>\n\t\t\t\t<\/div>\n\t\t<div class=\"elementor-element elementor-element-144e902 e-con-full e-flex e-con e-child\" data-id=\"144e902\" data-element_type=\"container\" data-e-type=\"container\" data-settings=\"{&quot;background_background&quot;:&quot;gradient&quot;,&quot;position&quot;:&quot;absolute&quot;}\">\n\t\t\t\t<div class=\"elementor-element elementor-element-e978a7b elementor-widget elementor-widget-text-editor\" data-id=\"e978a7b\" data-element_type=\"widget\" data-e-type=\"widget\" data-widget_type=\"text-editor.default\">\n\t\t\t\t\t\t\t\t\t<h1>28 NOVIEMBRE 2026<\/h1><p><strong>Palau de la M\u00fasica<\/strong><\/p><p>Presentaci\u00f3n y \u00fanico concierto en Barcelona<br \/><em>Festival Jazz de Barcelona<\/em><\/p>\t\t\t\t\t\t\t\t<\/div>\n\t\t\t\t<\/div>\n\t\t\t\t<\/div>\n\t\t\t\t<\/div>\n\t\t<div class=\"elementor-element elementor-element-9f55380 e-con-full dont-display e-flex e-con e-parent\" data-id=\"9f55380\" data-element_type=\"container\" data-e-type=\"container\" data-settings=\"{&quot;background_background&quot;:&quot;classic&quot;}\">\n\t\t<div class=\"elementor-element elementor-element-4032f89 e-flex e-con-boxed e-con e-child\" data-id=\"4032f89\" data-element_type=\"container\" data-e-type=\"container\">\n\t\t\t\t\t<div class=\"e-con-inner\">\n\t\t<div class=\"elementor-element elementor-element-9dffc37 e-con-full e-flex e-con e-child\" data-id=\"9dffc37\" data-element_type=\"container\" data-e-type=\"container\">\n\t\t\t\t<div class=\"elementor-element elementor-element-d9b99f6 elementor-widget elementor-widget-the7-heading\" data-id=\"d9b99f6\" data-element_type=\"widget\" data-e-type=\"widget\" data-widget_type=\"the7-heading.default\">\n\t\t\t\t<div class=\"elementor-widget-container\">\n\t\t\t\t\t<h1 class=\"the7-heading-title elementor-size-default\">V\u00cdVELO EN\nDIRECTO<\/h1>\t\t\t\t<\/div>\n\t\t\t\t<\/div>\n\t\t\t\t<div class=\"elementor-element elementor-element-f2726b9 elementor-widget elementor-widget-text-editor\" data-id=\"f2726b9\" data-element_type=\"widget\" data-e-type=\"widget\" data-widget_type=\"text-editor.default\">\n\t\t\t\t\t\t\t\t\t<p>Lorem ipsum dolor sit amet, consectetur adipiscing elit, sed do eiusmod tempor incididunt ut labore et dolore magna aliqua. Lorem ipsum dolor sit amet, consectetur adipiscing elit, sed do eiusmod tempor incididunt ut labore et dolore magna aliqua. Lorem ipsum dolor sit amet, consectetur adipiscing elit, sed do eiusmod tempor incididunt ut labore et dolore magna aliqua.<\/p>\t\t\t\t\t\t\t\t<\/div>\n\t\t\t\t<\/div>\n\t\t<div class=\"elementor-element elementor-element-e223b50 e-con-full e-flex e-con e-child\" data-id=\"e223b50\" data-element_type=\"container\" data-e-type=\"container\">\n\t\t\t\t<div class=\"elementor-element elementor-element-ec954ea elementor-widget elementor-widget-video\" data-id=\"ec954ea\" data-element_type=\"widget\" data-e-type=\"widget\" data-settings=\"{&quot;youtube_url&quot;:&quot;https:\\\/\\\/www.youtube.com\\\/watch?v=fSxcX2ceoSg&quot;,&quot;video_type&quot;:&quot;youtube&quot;,&quot;controls&quot;:&quot;yes&quot;}\" data-widget_type=\"video.default\">\n\t\t\t\t\t\t\t<div class=\"elementor-wrapper elementor-open-inline\">\n\t\t\t<div class=\"elementor-video\"><\/div>\t\t<\/div>\n\t\t\t\t\t\t<\/div>\n\t\t\t\t<\/div>\n\t\t\t\t\t<\/div>\n\t\t\t\t<\/div>\n\t\t<div class=\"elementor-element elementor-element-8ae5474 e-flex e-con-boxed e-con e-child\" data-id=\"8ae5474\" data-element_type=\"container\" data-e-type=\"container\">\n\t\t\t\t\t<div class=\"e-con-inner\">\n\t\t<div class=\"elementor-element elementor-element-5a3ebd2 e-con-full e-flex e-con e-child\" data-id=\"5a3ebd2\" data-element_type=\"container\" data-e-type=\"container\">\n\t\t\t\t<div class=\"elementor-element elementor-element-771051c elementor-widget elementor-widget-the7-heading\" data-id=\"771051c\" data-element_type=\"widget\" data-e-type=\"widget\" data-widget_type=\"the7-heading.default\">\n\t\t\t\t<div class=\"elementor-widget-container\">\n\t\t\t\t\t<h3 class=\"the7-heading-title elementor-size-default\">Pr\u00f3ximo concierto<\/h3>\t\t\t\t<\/div>\n\t\t\t\t<\/div>\n\t\t<div class=\"elementor-element elementor-element-768c5d6 e-con-full e-flex e-con e-child\" data-id=\"768c5d6\" data-element_type=\"container\" data-e-type=\"container\" data-settings=\"{&quot;background_background&quot;:&quot;classic&quot;}\">\n\t\t<div class=\"elementor-element elementor-element-2035267 e-con-full e-flex e-con e-child\" data-id=\"2035267\" data-element_type=\"container\" data-e-type=\"container\">\n\t\t\t\t<div class=\"elementor-element elementor-element-3453469 elementor-widget elementor-widget-the7-heading\" data-id=\"3453469\" data-element_type=\"widget\" data-e-type=\"widget\" data-widget_type=\"the7-heading.default\">\n\t\t\t\t<div class=\"elementor-widget-container\">\n\t\t\t\t\t<h3 class=\"the7-heading-title elementor-size-default\">09 Mayo<\/h3>\t\t\t\t<\/div>\n\t\t\t\t<\/div>\n\t\t\t\t<\/div>\n\t\t<div class=\"elementor-element elementor-element-ed8341e e-con-full e-flex e-con e-child\" data-id=\"ed8341e\" data-element_type=\"container\" data-e-type=\"container\">\n\t\t\t\t<div class=\"elementor-element elementor-element-84797ff elementor-widget elementor-widget-the7-heading\" data-id=\"84797ff\" data-element_type=\"widget\" data-e-type=\"widget\" data-widget_type=\"the7-heading.default\">\n\t\t\t\t<div class=\"elementor-widget-container\">\n\t\t\t\t\t<p class=\"the7-heading-title elementor-size-default\">Festival Musicveu<\/p>\t\t\t\t<\/div>\n\t\t\t\t<\/div>\n\t\t\t\t<div class=\"elementor-element elementor-element-a760fc9 elementor-widget elementor-widget-the7-heading\" data-id=\"a760fc9\" data-element_type=\"widget\" data-e-type=\"widget\" data-widget_type=\"the7-heading.default\">\n\t\t\t\t<div class=\"elementor-widget-container\">\n\t\t\t\t\t<p class=\"the7-heading-title elementor-size-default\">Castellet i la Gornal <\/p>\t\t\t\t<\/div>\n\t\t\t\t<\/div>\n\t\t\t\t<\/div>\n\t\t\t\t<\/div>\n\t\t\t\t<\/div>\n\t\t<div class=\"elementor-element elementor-element-f849b26 e-con-full e-flex e-con e-child\" data-id=\"f849b26\" data-element_type=\"container\" data-e-type=\"container\">\n\t\t\t\t<div class=\"elementor-element elementor-element-20c0d8e elementor-widget elementor-widget-the7-heading\" data-id=\"20c0d8e\" data-element_type=\"widget\" data-e-type=\"widget\" data-widget_type=\"the7-heading.default\">\n\t\t\t\t<div class=\"elementor-widget-container\">\n\t\t\t\t\t<h3 class=\"the7-heading-title elementor-size-default\">\u00daltimos v\u00eddeos<\/h3>\t\t\t\t<\/div>\n\t\t\t\t<\/div>\n\t\t\t\t<div class=\"elementor-element elementor-element-76d2520 elementor-widget elementor-widget-ucaddon_video_carousel\" data-id=\"76d2520\" data-element_type=\"widget\" data-e-type=\"widget\" data-widget_type=\"ucaddon_video_carousel.default\">\n\t\t\t\t<div class=\"elementor-widget-container\">\n\t\t\t\t\t\n<!-- start Video Carousel -->\n\t\t<link id='font-awesome-css' href='https:\/\/ramonmirabet.com\/wp-content\/plugins\/unlimited-elements-for-elementor\/assets_libraries\/font-awesome6\/fontawesome-all.min.css' type='text\/css' rel='stylesheet' >\n\t\t<link id='font-awesome-4-shim-css' href='https:\/\/ramonmirabet.com\/wp-content\/plugins\/unlimited-elements-for-elementor\/assets_libraries\/font-awesome6\/fontawesome-v4-shims.min.css' type='text\/css' rel='stylesheet' >\n\t\t<link id='owl-carousel-css' href='https:\/\/ramonmirabet.com\/wp-content\/plugins\/unlimited-elements-for-elementor\/assets_libraries\/owl-carousel-new\/assets\/owl.carousel.css' type='text\/css' rel='stylesheet' >\n\t\t<link id='lity-css' href='https:\/\/ramonmirabet.com\/wp-content\/plugins\/unlimited-elements-for-elementor\/assets_libraries\/lity\/lity.min.css' type='text\/css' rel='stylesheet' >\n\n<style>\/* widget: Video Carousel *\/\n\n#uc_video_carousel_elementor_76d2520.ue-video-carousel{\n  min-height:1px;\n}\n\n#uc_video_carousel_elementor_76d2520 *{\n  box-sizing:border-box;\n  outline:none;\n}\n\n#uc_video_carousel_elementor_76d2520 .owl-item{\n    transition: all 0.3s ease-in-out;\n}\n\/* carousel type owl *\/\n  #uc_video_carousel_elementor_76d2520 .owl-dots {\n    overflow:hidden;\n  }\n\n  #uc_video_carousel_elementor_76d2520 .owl-dot {\n    display:inline-block;\n    padding: 0;\n  }\n\n  #uc_video_carousel_elementor_76d2520 .owl-nav .owl-prev,\n  #uc_video_carousel_elementor_76d2520 .owl-nav .owl-next{\n      position:absolute;\n      display:inline-block;\n      text-align:center;\n      padding: 0;\n      transform: translateY(-50%);\n  }\n\n    \t#uc_video_carousel_elementor_76d2520 .owl-stage        {\n       transition-timing-function: linear!important;\n    }\n  \n  \n\n\/* end carousel type owl *\/\n\n\n\/* Item CSS *\/\n#uc_video_carousel_elementor_76d2520 .ue-item{\n  position: relative;\n  display: block;\n  overflow:hidden;\n  width:100%;\n}\n\n#uc_video_carousel_elementor_76d2520 .ue-hover-image-video{\n  position: relative;\n  overflow:hidden;\n  background-size:cover;\n  background-position:center center;\n}\n\n#uc_video_carousel_elementor_76d2520 .ue-image{\n  display: block;\n  width:100%;\n  position: relative;\n  z-index: 2;\n}\n\n#uc_video_carousel_elementor_76d2520 .ue-video{\n  display: block;\n  object-fit: cover;\n  width:100%;\n  position: absolute;\n  top: 0;\n  left: 0;\n  z-index: 1;\n}\n\n  #uc_video_carousel_elementor_76d2520 .ue-overlay{\n    position: absolute;\n    top: 0;\n    left: 0;\n    width: 100%;\n    height: 100%;\n    z-index: 3; \n    pointer-events: none;\n    display:flex;    justify-content:center;\n    align-items:center;\n  }\n\n  \n  \n        #uc_video_carousel_elementor_76d2520 .ue-overlay-icon{\n      display:flex;\n      justify-content:center;\n      align-items:center;\n      position:relative;\n      opacity:1;\n    }\n\n    #uc_video_carousel_elementor_76d2520 .ue-hover-image-video.ue-video-playing .ue-overlay-icon{\n      opacity:0;\n    }\n\n    #uc_video_carousel_elementor_76d2520 .ue-overlay-icon svg{\n      width:1em;\n      height:1em;\n    }\n\n        #uc_video_carousel_elementor_76d2520 .ue-overlay-icon:before{\n      content: '';\n      display: inline-block;\n      position: absolute;\n      top: -2px;\n      left: -2px;\n      bottom: -2px;\n      right: -2px;\n      border-radius: inherit;\n      border-width:1px;\n      border-style:solid;\n      -webkit-animation: btnIconRipple 2s cubic-bezier(0.23, 1, 0.32, 1) both infinite;\n      animation: btnIconRipple 2s cubic-bezier(0.23, 1, 0.32, 1) both infinite;\n    }\n    @keyframes btnIconRipple {\n      0% {\n        border-width: 4px;\n            transform: scale(1);\n      }\n      80% {\n      border-width: 1px;\n            transform: scale(1.35);\n      }\n      100% {\n        opacity: 0;\n      }\n    }\n      \n\n#uc_video_carousel_elementor_76d2520 .elementor-repeater-item-1b7cf2f .ue-hover-image-video{\n  background:url(\"https:\/\/ramonmirabet.com\/wp-content\/uploads\/2026\/04\/maxresdefault.jpg\");\n}\n#uc_video_carousel_elementor_76d2520 .elementor-repeater-item-155c80f .ue-hover-image-video{\n  background:url(\"https:\/\/ramonmirabet.com\/wp-content\/uploads\/2026\/04\/maxresdefault.jpg\");\n}\n#uc_video_carousel_elementor_76d2520 .elementor-repeater-item-027b607 .ue-hover-image-video{\n  background:url(\"https:\/\/ramonmirabet.com\/wp-content\/uploads\/2026\/04\/maxresdefault.jpg\");\n}\n\n\n<\/style>\n\n\n\t<div id=\"uc_video_carousel_elementor_76d2520\"\n         class=\"ue-video-carousel uc_carousel owl-carousel owl-theme uc-items-wrapper  \"\n                  data-autoplay-center=\"false\"\n         data-play-mode=\"hover\"\n         data-play-sound=\"false\"\n         data-close-on-outside-click=\"false\"\n                  dir=\"ltr\" style=\"direction:ltr;\" style=\"direction:\"\n          \n         >\n            <div class=\"ue_vc_item ue-item   elementor-repeater-item-1b7cf2f\"\n               >\n    \n    <div id=\"uc_video_carousel_elementor_76d2520_item1\" class=\"ue-hover-image-video\">\n      \n      <img decoding=\"async\" class=\"ue-image\" src=\"https:\/\/ramonmirabet.com\/wp-content\/uploads\/2026\/04\/maxresdefault.jpg\" alt=\"home is where the heart is\" src=\"https:\/\/ramonmirabet.com\/wp-content\/uploads\/2026\/04\/maxresdefault.jpg\" alt=\"home is where the heart is\" width=\"1280\" height=\"720\">      \n      \n            \n               <iframe class=\"ue-video\"\n                src=\"https:\/\/www.youtube.com\/embed\/?enablejsapi=1&autoplay=0&mute=1&loop=1&playlist=&controls=0&showinfo=0&rel=0&modestbranding=1\"\n                frameborder=\"0\"\n                allow=\"autoplay; fullscreen\">\n         <\/iframe>\n      \n              <div class=\"ue-overlay\">\n                      <span class=\"ue-overlay-icon\" role=\"img\" aria-hidden=\"true\">\n                              <i class='fas fa-play'><\/i>\n                          <\/span>\n                  <\/div>\n            \n            \n    <\/div>\n  \n<\/div>\n<div class=\"ue_vc_item ue-item   elementor-repeater-item-155c80f\"\n               >\n    \n    <div id=\"uc_video_carousel_elementor_76d2520_item2\" class=\"ue-hover-image-video\">\n      \n      <img decoding=\"async\" class=\"ue-image\" src=\"https:\/\/ramonmirabet.com\/wp-content\/uploads\/2026\/04\/maxresdefault.jpg\" alt=\"home is where the heart is\" src=\"https:\/\/ramonmirabet.com\/wp-content\/uploads\/2026\/04\/maxresdefault.jpg\" alt=\"home is where the heart is\" width=\"1280\" height=\"720\">      \n      \n            \n               <iframe class=\"ue-video\"\n                src=\"https:\/\/www.youtube.com\/embed\/?enablejsapi=1&autoplay=0&mute=1&loop=1&playlist=&controls=0&showinfo=0&rel=0&modestbranding=1\"\n                frameborder=\"0\"\n                allow=\"autoplay; fullscreen\">\n         <\/iframe>\n      \n              <div class=\"ue-overlay\">\n                      <span class=\"ue-overlay-icon\" role=\"img\" aria-hidden=\"true\">\n                              <i class='fas fa-play'><\/i>\n                          <\/span>\n                  <\/div>\n            \n            \n    <\/div>\n  \n<\/div>\n<div class=\"ue_vc_item ue-item   elementor-repeater-item-027b607\"\n               >\n    \n    <div id=\"uc_video_carousel_elementor_76d2520_item3\" class=\"ue-hover-image-video\">\n      \n      <img decoding=\"async\" class=\"ue-image\" src=\"https:\/\/ramonmirabet.com\/wp-content\/uploads\/2026\/04\/maxresdefault.jpg\" alt=\"home is where the heart is\" src=\"https:\/\/ramonmirabet.com\/wp-content\/uploads\/2026\/04\/maxresdefault.jpg\" alt=\"home is where the heart is\" width=\"1280\" height=\"720\">      \n      \n            \n               <iframe class=\"ue-video\"\n                src=\"https:\/\/www.youtube.com\/embed\/?enablejsapi=1&autoplay=0&mute=1&loop=1&playlist=&controls=0&showinfo=0&rel=0&modestbranding=1\"\n                frameborder=\"0\"\n                allow=\"autoplay; fullscreen\">\n         <\/iframe>\n      \n              <div class=\"ue-overlay\">\n                      <span class=\"ue-overlay-icon\" role=\"img\" aria-hidden=\"true\">\n                              <i class='fas fa-play'><\/i>\n                          <\/span>\n                  <\/div>\n            \n            \n    <\/div>\n  \n<\/div>\n\n    <\/div>\t\n\n\n<!-- end Video Carousel -->\t\t\t\t<\/div>\n\t\t\t\t<\/div>\n\t\t\t\t<\/div>\n\t\t\t\t\t<\/div>\n\t\t\t\t<\/div>\n\t\t\t\t<\/div>\n\t\t\t\t<\/div>\n\t\t","protected":false},"excerpt":{"rendered":"<p>28 NOVIEMBRE 2026 Palau de la M\u00fasica Presentaci\u00f3n y \u00fanico concierto en BarcelonaFestival Jazz de Barcelona V\u00cdVELO EN DIRECTO Lorem ipsum dolor sit amet, consectetur adipiscing elit, sed do eiusmod tempor incididunt ut labore et dolore magna aliqua. Lorem ipsum dolor sit amet, consectetur adipiscing elit, sed do eiusmod tempor incididunt ut labore et dolore&hellip;<\/p>\n","protected":false},"author":1,"featured_media":0,"parent":0,"menu_order":5,"comment_status":"closed","ping_status":"closed","template":"elementor_header_footer","meta":{"footnotes":""},"class_list":["post-19601","page","type-page","status-publish","hentry"],"yoast_head":"<!-- This site is optimized with the Yoast SEO plugin v27.6 - https:\/\/yoast.com\/product\/yoast-seo-wordpress\/ -->\n<title>Inicio - Ramon Mirabet<\/title>\n<meta name=\"robots\" content=\"index, follow, max-snippet:-1, max-image-preview:large, max-video-preview:-1\" \/>\n<link rel=\"canonical\" href=\"https:\/\/ramonmirabet.com\/\" \/>\n<meta property=\"og:locale\" content=\"es_ES\" \/>\n<meta property=\"og:type\" content=\"article\" \/>\n<meta property=\"og:title\" content=\"Inicio - Ramon Mirabet\" \/>\n<meta property=\"og:description\" content=\"28 NOVIEMBRE 2026 Palau de la M\u00fasica Presentaci\u00f3n y \u00fanico concierto en BarcelonaFestival Jazz de Barcelona V\u00cdVELO EN DIRECTO Lorem ipsum dolor sit amet, consectetur adipiscing elit, sed do eiusmod tempor incididunt ut labore et dolore magna aliqua. Lorem ipsum dolor sit amet, consectetur adipiscing elit, sed do eiusmod tempor incididunt ut labore et dolore&hellip;\" \/>\n<meta property=\"og:url\" content=\"https:\/\/ramonmirabet.com\/\" \/>\n<meta property=\"og:site_name\" content=\"Ramon Mirabet\" \/>\n<meta property=\"article:modified_time\" content=\"2026-05-13T11:13:23+00:00\" \/>\n<meta name=\"twitter:card\" content=\"summary_large_image\" \/>\n<meta name=\"twitter:label1\" content=\"Tiempo de lectura\" \/>\n\t<meta name=\"twitter:data1\" content=\"1 minuto\" \/>\n<script type=\"application\/ld+json\" class=\"yoast-schema-graph\">{\"@context\":\"https:\\\/\\\/schema.org\",\"@graph\":[{\"@type\":\"WebPage\",\"@id\":\"https:\\\/\\\/ramonmirabet.com\\\/\",\"url\":\"https:\\\/\\\/ramonmirabet.com\\\/\",\"name\":\"Inicio - Ramon Mirabet\",\"isPartOf\":{\"@id\":\"https:\\\/\\\/ramonmirabet.com\\\/#website\"},\"datePublished\":\"2026-04-14T13:44:53+00:00\",\"dateModified\":\"2026-05-13T11:13:23+00:00\",\"breadcrumb\":{\"@id\":\"https:\\\/\\\/ramonmirabet.com\\\/#breadcrumb\"},\"inLanguage\":\"es\",\"potentialAction\":[{\"@type\":\"ReadAction\",\"target\":[\"https:\\\/\\\/ramonmirabet.com\\\/\"]}]},{\"@type\":\"BreadcrumbList\",\"@id\":\"https:\\\/\\\/ramonmirabet.com\\\/#breadcrumb\",\"itemListElement\":[{\"@type\":\"ListItem\",\"position\":1,\"name\":\"Home\",\"item\":\"https:\\\/\\\/ramonmirabet.com\\\/\"},{\"@type\":\"ListItem\",\"position\":2,\"name\":\"Inicio\"}]},{\"@type\":\"WebSite\",\"@id\":\"https:\\\/\\\/ramonmirabet.com\\\/#website\",\"url\":\"https:\\\/\\\/ramonmirabet.com\\\/\",\"name\":\"Ramon Mirabet\",\"description\":\"\",\"publisher\":{\"@id\":\"https:\\\/\\\/ramonmirabet.com\\\/#organization\"},\"potentialAction\":[{\"@type\":\"SearchAction\",\"target\":{\"@type\":\"EntryPoint\",\"urlTemplate\":\"https:\\\/\\\/ramonmirabet.com\\\/?s={search_term_string}\"},\"query-input\":{\"@type\":\"PropertyValueSpecification\",\"valueRequired\":true,\"valueName\":\"search_term_string\"}}],\"inLanguage\":\"es\"},{\"@type\":\"Organization\",\"@id\":\"https:\\\/\\\/ramonmirabet.com\\\/#organization\",\"name\":\"Ramon Mirabet\",\"url\":\"https:\\\/\\\/ramonmirabet.com\\\/\",\"logo\":{\"@type\":\"ImageObject\",\"inLanguage\":\"es\",\"@id\":\"https:\\\/\\\/ramonmirabet.com\\\/#\\\/schema\\\/logo\\\/image\\\/\",\"url\":\"https:\\\/\\\/ramonmirabet.com\\\/wp-content\\\/uploads\\\/2026\\\/04\\\/logo-ramon-mirabet-1.svg\",\"contentUrl\":\"https:\\\/\\\/ramonmirabet.com\\\/wp-content\\\/uploads\\\/2026\\\/04\\\/logo-ramon-mirabet-1.svg\",\"width\":591,\"height\":73,\"caption\":\"Ramon Mirabet\"},\"image\":{\"@id\":\"https:\\\/\\\/ramonmirabet.com\\\/#\\\/schema\\\/logo\\\/image\\\/\"}}]}<\/script>\n<!-- \/ Yoast SEO plugin. -->","yoast_head_json":{"title":"Inicio - Ramon Mirabet","robots":{"index":"index","follow":"follow","max-snippet":"max-snippet:-1","max-image-preview":"max-image-preview:large","max-video-preview":"max-video-preview:-1"},"canonical":"https:\/\/ramonmirabet.com\/","og_locale":"es_ES","og_type":"article","og_title":"Inicio - Ramon Mirabet","og_description":"28 NOVIEMBRE 2026 Palau de la M\u00fasica Presentaci\u00f3n y \u00fanico concierto en BarcelonaFestival Jazz de Barcelona V\u00cdVELO EN DIRECTO Lorem ipsum dolor sit amet, consectetur adipiscing elit, sed do eiusmod tempor incididunt ut labore et dolore magna aliqua. Lorem ipsum dolor sit amet, consectetur adipiscing elit, sed do eiusmod tempor incididunt ut labore et dolore&hellip;","og_url":"https:\/\/ramonmirabet.com\/","og_site_name":"Ramon Mirabet","article_modified_time":"2026-05-13T11:13:23+00:00","twitter_card":"summary_large_image","twitter_misc":{"Tiempo de lectura":"1 minuto"},"schema":{"@context":"https:\/\/schema.org","@graph":[{"@type":"WebPage","@id":"https:\/\/ramonmirabet.com\/","url":"https:\/\/ramonmirabet.com\/","name":"Inicio - Ramon Mirabet","isPartOf":{"@id":"https:\/\/ramonmirabet.com\/#website"},"datePublished":"2026-04-14T13:44:53+00:00","dateModified":"2026-05-13T11:13:23+00:00","breadcrumb":{"@id":"https:\/\/ramonmirabet.com\/#breadcrumb"},"inLanguage":"es","potentialAction":[{"@type":"ReadAction","target":["https:\/\/ramonmirabet.com\/"]}]},{"@type":"BreadcrumbList","@id":"https:\/\/ramonmirabet.com\/#breadcrumb","itemListElement":[{"@type":"ListItem","position":1,"name":"Home","item":"https:\/\/ramonmirabet.com\/"},{"@type":"ListItem","position":2,"name":"Inicio"}]},{"@type":"WebSite","@id":"https:\/\/ramonmirabet.com\/#website","url":"https:\/\/ramonmirabet.com\/","name":"Ramon Mirabet","description":"","publisher":{"@id":"https:\/\/ramonmirabet.com\/#organization"},"potentialAction":[{"@type":"SearchAction","target":{"@type":"EntryPoint","urlTemplate":"https:\/\/ramonmirabet.com\/?s={search_term_string}"},"query-input":{"@type":"PropertyValueSpecification","valueRequired":true,"valueName":"search_term_string"}}],"inLanguage":"es"},{"@type":"Organization","@id":"https:\/\/ramonmirabet.com\/#organization","name":"Ramon Mirabet","url":"https:\/\/ramonmirabet.com\/","logo":{"@type":"ImageObject","inLanguage":"es","@id":"https:\/\/ramonmirabet.com\/#\/schema\/logo\/image\/","url":"https:\/\/ramonmirabet.com\/wp-content\/uploads\/2026\/04\/logo-ramon-mirabet-1.svg","contentUrl":"https:\/\/ramonmirabet.com\/wp-content\/uploads\/2026\/04\/logo-ramon-mirabet-1.svg","width":591,"height":73,"caption":"Ramon Mirabet"},"image":{"@id":"https:\/\/ramonmirabet.com\/#\/schema\/logo\/image\/"}}]}},"_links":{"self":[{"href":"https:\/\/ramonmirabet.com\/es\/wp-json\/wp\/v2\/pages\/19601","targetHints":{"allow":["GET"]}}],"collection":[{"href":"https:\/\/ramonmirabet.com\/es\/wp-json\/wp\/v2\/pages"}],"about":[{"href":"https:\/\/ramonmirabet.com\/es\/wp-json\/wp\/v2\/types\/page"}],"author":[{"embeddable":true,"href":"https:\/\/ramonmirabet.com\/es\/wp-json\/wp\/v2\/users\/1"}],"replies":[{"embeddable":true,"href":"https:\/\/ramonmirabet.com\/es\/wp-json\/wp\/v2\/comments?post=19601"}],"version-history":[{"count":5,"href":"https:\/\/ramonmirabet.com\/es\/wp-json\/wp\/v2\/pages\/19601\/revisions"}],"predecessor-version":[{"id":20413,"href":"https:\/\/ramonmirabet.com\/es\/wp-json\/wp\/v2\/pages\/19601\/revisions\/20413"}],"wp:attachment":[{"href":"https:\/\/ramonmirabet.com\/es\/wp-json\/wp\/v2\/media?parent=19601"}],"curies":[{"name":"wp","href":"https:\/\/api.w.org\/{rel}","templated":true}]}}