{"id":16328,"date":"2024-07-01T09:36:40","date_gmt":"2024-07-01T09:36:40","guid":{"rendered":"https:\/\/ramonmirabet.com\/out-services\/"},"modified":"2026-05-13T14:00:56","modified_gmt":"2026-05-13T14:00:56","slug":"gira","status":"publish","type":"page","link":"https:\/\/ramonmirabet.com\/es\/gira\/","title":{"rendered":"Gira"},"content":{"rendered":"\t\t<div data-elementor-type=\"wp-page\" data-elementor-id=\"16328\" class=\"elementor elementor-16328\" data-elementor-post-type=\"page\">\n\t\t\t\t<div class=\"elementor-element elementor-element-7fdc392 e-con-full e-flex e-con e-parent\" data-id=\"7fdc392\" data-element_type=\"container\" data-e-type=\"container\" data-settings=\"{&quot;background_background&quot;:&quot;classic&quot;}\">\n\t\t<div class=\"elementor-element elementor-element-7ad178b e-con-full e-flex e-con e-child\" data-id=\"7ad178b\" data-element_type=\"container\" data-e-type=\"container\">\n\t\t\t\t<div class=\"elementor-element elementor-element-e28d6b4 elementor-widget elementor-widget-the7-heading\" data-id=\"e28d6b4\" data-element_type=\"widget\" data-e-type=\"widget\" data-widget_type=\"the7-heading.default\">\n\t\t\t\t<div class=\"elementor-widget-container\">\n\t\t\t\t\t<h1 class=\"the7-heading-title elementor-size-default\">Gira<\/h1>\t\t\t\t<\/div>\n\t\t\t\t<\/div>\n\t\t\t\t<\/div>\n\t\t\t\t<\/div>\n\t\t<div class=\"elementor-element elementor-element-2857c2d e-flex e-con-boxed e-con e-parent\" data-id=\"2857c2d\" data-element_type=\"container\" data-e-type=\"container\">\n\t\t\t\t\t<div class=\"e-con-inner\">\n\t\t<div class=\"elementor-element elementor-element-bd0cc2f e-con-full e-flex e-con e-child\" data-id=\"bd0cc2f\" data-element_type=\"container\" data-e-type=\"container\">\n\t\t<div class=\"elementor-element elementor-element-65ad773 e-con-full e-flex e-con e-child\" data-id=\"65ad773\" data-element_type=\"container\" data-e-type=\"container\">\n\t\t<div class=\"elementor-element elementor-element-03b222f e-con-full e-flex e-con e-child\" data-id=\"03b222f\" data-element_type=\"container\" data-e-type=\"container\">\n\t\t\t\t<div class=\"elementor-element elementor-element-f688a43 elementor-widget elementor-widget-text-editor\" data-id=\"f688a43\" data-element_type=\"widget\" data-e-type=\"widget\" data-widget_type=\"text-editor.default\">\n\t\t\t\t\t\t\t\t\t<p>JUNIO 6<\/p>\t\t\t\t\t\t\t\t<\/div>\n\t\t\t\t<\/div>\n\t\t<div class=\"elementor-element elementor-element-4f9f6c1 e-con-full e-flex e-con e-child\" data-id=\"4f9f6c1\" data-element_type=\"container\" data-e-type=\"container\">\n\t\t\t\t<div class=\"elementor-element elementor-element-0de7340 elementor-widget elementor-widget-text-editor\" data-id=\"0de7340\" data-element_type=\"widget\" data-e-type=\"widget\" data-widget_type=\"text-editor.default\">\n\t\t\t\t\t\t\t\t\t<p>Gira V 2025-26<\/p>\t\t\t\t\t\t\t\t<\/div>\n\t\t\t\t<\/div>\n\t\t<div class=\"elementor-element elementor-element-179ce89 e-con-full e-flex e-con e-child\" data-id=\"179ce89\" data-element_type=\"container\" data-e-type=\"container\">\n\t\t\t\t<div class=\"elementor-element elementor-element-6a2e86b elementor-widget elementor-widget-text-editor\" data-id=\"6a2e86b\" data-element_type=\"widget\" data-e-type=\"widget\" data-widget_type=\"text-editor.default\">\n\t\t\t\t\t\t\t\t\t<p><strong>Festa de Corpus<\/strong><\/p>\t\t\t\t\t\t\t\t<\/div>\n\t\t\t\t<\/div>\n\t\t<div class=\"elementor-element elementor-element-4ee5e52 e-con-full e-flex e-con e-child\" data-id=\"4ee5e52\" data-element_type=\"container\" data-e-type=\"container\">\n\t\t\t\t<div class=\"elementor-element elementor-element-64672c9 elementor-widget elementor-widget-text-editor\" data-id=\"64672c9\" data-element_type=\"widget\" data-e-type=\"widget\" data-widget_type=\"text-editor.default\">\n\t\t\t\t\t\t\t\t\t<p><strong>Olot<\/strong><\/p>\t\t\t\t\t\t\t\t<\/div>\n\t\t\t\t<\/div>\n\t\t<div class=\"elementor-element elementor-element-621feba e-con-full e-flex e-con e-child\" data-id=\"621feba\" data-element_type=\"container\" data-e-type=\"container\">\n\t\t\t\t<div class=\"elementor-element elementor-element-52e816c elementor-align-right elementor-mobile-align-center elementor-widget elementor-widget-the7_button_widget\" data-id=\"52e816c\" data-element_type=\"widget\" data-e-type=\"widget\" data-widget_type=\"the7_button_widget.default\">\n\t\t\t\t<div class=\"elementor-widget-container\">\n\t\t\t\t\t<div class=\"elementor-button-wrapper\"><a href=\"https:\/\/www.descobreixolot.cat\/festa-de-corpus\/\" target=\"_blank\" class=\"box-button elementor-button elementor-size-sm\">TICKETS<\/a><\/div>\t\t\t\t<\/div>\n\t\t\t\t<\/div>\n\t\t\t\t<\/div>\n\t\t\t\t<\/div>\n\t\t<div class=\"elementor-element elementor-element-cbfb787 e-con-full e-flex e-con e-child\" data-id=\"cbfb787\" data-element_type=\"container\" data-e-type=\"container\">\n\t\t<div class=\"elementor-element elementor-element-6662e6a e-con-full e-flex e-con e-child\" data-id=\"6662e6a\" data-element_type=\"container\" data-e-type=\"container\">\n\t\t\t\t<div class=\"elementor-element elementor-element-4790f4e elementor-widget elementor-widget-text-editor\" data-id=\"4790f4e\" data-element_type=\"widget\" data-e-type=\"widget\" data-widget_type=\"text-editor.default\">\n\t\t\t\t\t\t\t\t\t<p>JULIO 11<\/p>\t\t\t\t\t\t\t\t<\/div>\n\t\t\t\t<\/div>\n\t\t<div class=\"elementor-element elementor-element-2dd08a2 e-con-full e-flex e-con e-child\" data-id=\"2dd08a2\" data-element_type=\"container\" data-e-type=\"container\">\n\t\t\t\t<div class=\"elementor-element elementor-element-0c637cd elementor-widget elementor-widget-text-editor\" data-id=\"0c637cd\" data-element_type=\"widget\" data-e-type=\"widget\" data-widget_type=\"text-editor.default\">\n\t\t\t\t\t\t\t\t\t<p>Gira V 2025-26<\/p>\t\t\t\t\t\t\t\t<\/div>\n\t\t\t\t<\/div>\n\t\t<div class=\"elementor-element elementor-element-7cd8947 e-con-full e-flex e-con e-child\" data-id=\"7cd8947\" data-element_type=\"container\" data-e-type=\"container\">\n\t\t\t\t<div class=\"elementor-element elementor-element-c2de827 elementor-widget elementor-widget-text-editor\" data-id=\"c2de827\" data-element_type=\"widget\" data-e-type=\"widget\" data-widget_type=\"text-editor.default\">\n\t\t\t\t\t\t\t\t\t<p><strong>Festival Musicveu<\/strong><\/p>\t\t\t\t\t\t\t\t<\/div>\n\t\t\t\t<\/div>\n\t\t<div class=\"elementor-element elementor-element-83cfada e-con-full e-flex e-con e-child\" data-id=\"83cfada\" data-element_type=\"container\" data-e-type=\"container\">\n\t\t\t\t<div class=\"elementor-element elementor-element-7e25208 elementor-widget elementor-widget-text-editor\" data-id=\"7e25208\" data-element_type=\"widget\" data-e-type=\"widget\" data-widget_type=\"text-editor.default\">\n\t\t\t\t\t\t\t\t\t<p><strong>Sant Mar\u00e7al<br \/><\/strong>(Caves Oriol Rossell)<\/p>\t\t\t\t\t\t\t\t<\/div>\n\t\t\t\t<\/div>\n\t\t<div class=\"elementor-element elementor-element-2657a6d e-con-full e-flex e-con e-child\" data-id=\"2657a6d\" data-element_type=\"container\" data-e-type=\"container\">\n\t\t\t\t<div class=\"elementor-element elementor-element-ce22571 elementor-align-right elementor-widget elementor-widget-the7_button_widget\" data-id=\"ce22571\" data-element_type=\"widget\" data-e-type=\"widget\" data-widget_type=\"the7_button_widget.default\">\n\t\t\t\t<div class=\"elementor-widget-container\">\n\t\t\t\t\t<div class=\"elementor-button-wrapper\"><a href=\"https:\/\/www.musicveu.cat\/es\/?view=article&#038;id=464:ramon-mirabet&#038;catid=22\" target=\"_blank\" class=\"box-button elementor-button elementor-size-sm\">TICKETS<\/a><\/div>\t\t\t\t<\/div>\n\t\t\t\t<\/div>\n\t\t\t\t<\/div>\n\t\t\t\t<\/div>\n\t\t<div class=\"elementor-element elementor-element-13ec1f0 e-con-full e-flex e-con e-child\" data-id=\"13ec1f0\" data-element_type=\"container\" data-e-type=\"container\">\n\t\t<div class=\"elementor-element elementor-element-d05dc3f e-con-full e-flex e-con e-child\" data-id=\"d05dc3f\" data-element_type=\"container\" data-e-type=\"container\">\n\t\t\t\t<div class=\"elementor-element elementor-element-68c1e66 elementor-widget elementor-widget-text-editor\" data-id=\"68c1e66\" data-element_type=\"widget\" data-e-type=\"widget\" data-widget_type=\"text-editor.default\">\n\t\t\t\t\t\t\t\t\t<p>JULIO 31<\/p>\t\t\t\t\t\t\t\t<\/div>\n\t\t\t\t<\/div>\n\t\t<div class=\"elementor-element elementor-element-3fb994f e-con-full e-flex e-con e-child\" data-id=\"3fb994f\" data-element_type=\"container\" data-e-type=\"container\">\n\t\t\t\t<div class=\"elementor-element elementor-element-4717eaf elementor-widget elementor-widget-text-editor\" data-id=\"4717eaf\" data-element_type=\"widget\" data-e-type=\"widget\" data-widget_type=\"text-editor.default\">\n\t\t\t\t\t\t\t\t\tGira V 2025-26\t\t\t\t\t\t\t\t<\/div>\n\t\t\t\t<\/div>\n\t\t<div class=\"elementor-element elementor-element-90824cc e-con-full e-flex e-con e-child\" data-id=\"90824cc\" data-element_type=\"container\" data-e-type=\"container\">\n\t\t\t\t<div class=\"elementor-element elementor-element-58e447a elementor-widget elementor-widget-text-editor\" data-id=\"58e447a\" data-element_type=\"widget\" data-e-type=\"widget\" data-widget_type=\"text-editor.default\">\n\t\t\t\t\t\t\t\t\t<strong>Festival Sons del M\u00f3n<\/strong>\t\t\t\t\t\t\t\t<\/div>\n\t\t\t\t<\/div>\n\t\t<div class=\"elementor-element elementor-element-2e61669 e-con-full e-flex e-con e-child\" data-id=\"2e61669\" data-element_type=\"container\" data-e-type=\"container\">\n\t\t\t\t<div class=\"elementor-element elementor-element-84be801 elementor-widget elementor-widget-text-editor\" data-id=\"84be801\" data-element_type=\"widget\" data-e-type=\"widget\" data-widget_type=\"text-editor.default\">\n\t\t\t\t\t\t\t\t\t<p><strong>Roses<\/strong><\/p>\t\t\t\t\t\t\t\t<\/div>\n\t\t\t\t<\/div>\n\t\t<div class=\"elementor-element elementor-element-0020edd e-con-full e-flex e-con e-child\" data-id=\"0020edd\" data-element_type=\"container\" data-e-type=\"container\">\n\t\t\t\t<div class=\"elementor-element elementor-element-6f350bc elementor-align-right elementor-widget elementor-widget-the7_button_widget\" data-id=\"6f350bc\" data-element_type=\"widget\" data-e-type=\"widget\" data-widget_type=\"the7_button_widget.default\">\n\t\t\t\t<div class=\"elementor-widget-container\">\n\t\t\t\t\t<div class=\"elementor-button-wrapper\"><a href=\"https:\/\/www.sonsdelmon.cat\/programacio\/147\/15\/els-amics-de-les-arts-blaumut-ramon-mirabet\" target=\"_blank\" class=\"box-button elementor-button elementor-size-sm\">TICKETS<\/a><\/div>\t\t\t\t<\/div>\n\t\t\t\t<\/div>\n\t\t\t\t<\/div>\n\t\t\t\t<\/div>\n\t\t<div class=\"elementor-element elementor-element-5f52fd6 e-con-full e-flex e-con e-child\" data-id=\"5f52fd6\" data-element_type=\"container\" data-e-type=\"container\">\n\t\t<div class=\"elementor-element elementor-element-6e9cf87 e-con-full e-flex e-con e-child\" data-id=\"6e9cf87\" data-element_type=\"container\" data-e-type=\"container\">\n\t\t\t\t<div class=\"elementor-element elementor-element-234f856 elementor-widget elementor-widget-text-editor\" data-id=\"234f856\" data-element_type=\"widget\" data-e-type=\"widget\" data-widget_type=\"text-editor.default\">\n\t\t\t\t\t\t\t\t\t<p>NOVIEMBRE 28<\/p>\t\t\t\t\t\t\t\t<\/div>\n\t\t\t\t<\/div>\n\t\t<div class=\"elementor-element elementor-element-8d5000a e-con-full e-flex e-con e-child\" data-id=\"8d5000a\" data-element_type=\"container\" data-e-type=\"container\">\n\t\t\t\t<div class=\"elementor-element elementor-element-f3b3c23 elementor-widget elementor-widget-text-editor\" data-id=\"f3b3c23\" data-element_type=\"widget\" data-e-type=\"widget\" data-widget_type=\"text-editor.default\">\n\t\t\t\t\t\t\t\t\tAll-Star Jazz Project\t\t\t\t\t\t\t\t<\/div>\n\t\t\t\t<\/div>\n\t\t<div class=\"elementor-element elementor-element-fbdf9e9 e-con-full e-flex e-con e-child\" data-id=\"fbdf9e9\" data-element_type=\"container\" data-e-type=\"container\">\n\t\t\t\t<div class=\"elementor-element elementor-element-4a0d245 elementor-widget elementor-widget-text-editor\" data-id=\"4a0d245\" data-element_type=\"widget\" data-e-type=\"widget\" data-widget_type=\"text-editor.default\">\n\t\t\t\t\t\t\t\t\t<strong>Festival Jazz Barcelona<\/strong>\t\t\t\t\t\t\t\t<\/div>\n\t\t\t\t<\/div>\n\t\t<div class=\"elementor-element elementor-element-9ab0fe5 e-con-full e-flex e-con e-child\" data-id=\"9ab0fe5\" data-element_type=\"container\" data-e-type=\"container\">\n\t\t\t\t<div class=\"elementor-element elementor-element-3cafce3 elementor-widget elementor-widget-text-editor\" data-id=\"3cafce3\" data-element_type=\"widget\" data-e-type=\"widget\" data-widget_type=\"text-editor.default\">\n\t\t\t\t\t\t\t\t\t<p><strong>Barcelona<\/strong><br \/>Palau de la M\u00fasica<\/p>\t\t\t\t\t\t\t\t<\/div>\n\t\t\t\t<\/div>\n\t\t<div class=\"elementor-element elementor-element-52dbdea e-con-full e-flex e-con e-child\" data-id=\"52dbdea\" data-element_type=\"container\" data-e-type=\"container\">\n\t\t\t\t<div class=\"elementor-element elementor-element-7927f92 elementor-align-right elementor-widget elementor-widget-the7_button_widget\" data-id=\"7927f92\" data-element_type=\"widget\" data-e-type=\"widget\" data-widget_type=\"the7_button_widget.default\">\n\t\t\t\t<div class=\"elementor-widget-container\">\n\t\t\t\t\t<div class=\"elementor-button-wrapper\"><a href=\"https:\/\/www.jazz.barcelona\/ca\/ramon-mirabet?utm_source=ig&#038;utm_medium=social&#038;utm_content=link_in_bio\" target=\"_blank\" class=\"box-button elementor-button elementor-size-sm\">TICKETS<\/a><\/div>\t\t\t\t<\/div>\n\t\t\t\t<\/div>\n\t\t\t\t<\/div>\n\t\t\t\t<\/div>\n\t\t\t\t<div class=\"elementor-element elementor-element-3b67d43 elementor-widget-divider--view-line elementor-widget elementor-widget-divider\" data-id=\"3b67d43\" data-element_type=\"widget\" data-e-type=\"widget\" data-widget_type=\"divider.default\">\n\t\t\t\t\t\t\t<div class=\"elementor-divider\">\n\t\t\t<span class=\"elementor-divider-separator\">\n\t\t\t\t\t\t<\/span>\n\t\t<\/div>\n\t\t\t\t\t\t<\/div>\n\t\t\t\t<\/div>\n\t\t\t\t\t<\/div>\n\t\t\t\t<\/div>\n\t\t\t\t<\/div>\n\t\t","protected":false},"excerpt":{"rendered":"<p>JUNIO 6 Gira V 2025-26 Festa de Corpus Olot TICKETS JULIO 11 Gira V 2025-26 Festival Musicveu Sant Mar\u00e7al(Caves Oriol Rossell) TICKETS JULIO 31 Gira V 2025-26Festival Sons del M\u00f3n Roses TICKETS NOVIEMBRE 28 All-Star Jazz ProjectFestival Jazz Barcelona BarcelonaPalau de la M\u00fasica TICKETS<\/p>\n","protected":false},"author":1,"featured_media":0,"parent":0,"menu_order":20,"comment_status":"closed","ping_status":"closed","template":"elementor_header_footer","meta":{"footnotes":""},"class_list":["post-16328","page","type-page","status-publish","hentry"],"yoast_head":"<!-- This site is optimized with the Yoast SEO plugin v27.6 - https:\/\/yoast.com\/product\/yoast-seo-wordpress\/ -->\n<title>Gira - Ramon Mirabet<\/title>\n<meta name=\"robots\" content=\"index, follow, max-snippet:-1, max-image-preview:large, max-video-preview:-1\" \/>\n<link rel=\"canonical\" href=\"https:\/\/ramonmirabet.com\/concerts\/\" \/>\n<meta property=\"og:locale\" content=\"es_ES\" \/>\n<meta property=\"og:type\" content=\"article\" \/>\n<meta property=\"og:title\" content=\"Gira - Ramon Mirabet\" \/>\n<meta property=\"og:description\" content=\"JUNIO 6 Gira V 2025-26 Festa de Corpus Olot TICKETS JULIO 11 Gira V 2025-26 Festival Musicveu Sant Mar\u00e7al(Caves Oriol Rossell) TICKETS JULIO 31 Gira V 2025-26Festival Sons del M\u00f3n Roses TICKETS NOVIEMBRE 28 All-Star Jazz ProjectFestival Jazz Barcelona BarcelonaPalau de la M\u00fasica TICKETS\" \/>\n<meta property=\"og:url\" content=\"https:\/\/ramonmirabet.com\/concerts\/\" \/>\n<meta property=\"og:site_name\" content=\"Ramon Mirabet\" \/>\n<meta property=\"article:modified_time\" content=\"2026-05-13T14:00:56+00:00\" \/>\n<meta name=\"twitter:card\" content=\"summary_large_image\" \/>\n<meta name=\"twitter:label1\" content=\"Tiempo de lectura\" \/>\n\t<meta name=\"twitter:data1\" content=\"1 minuto\" \/>\n<script type=\"application\/ld+json\" class=\"yoast-schema-graph\">{\"@context\":\"https:\\\/\\\/schema.org\",\"@graph\":[{\"@type\":\"WebPage\",\"@id\":\"https:\\\/\\\/ramonmirabet.com\\\/concerts\\\/\",\"url\":\"https:\\\/\\\/ramonmirabet.com\\\/concerts\\\/\",\"name\":\"Gira - Ramon Mirabet\",\"isPartOf\":{\"@id\":\"https:\\\/\\\/ramonmirabet.com\\\/#website\"},\"datePublished\":\"2024-07-01T09:36:40+00:00\",\"dateModified\":\"2026-05-13T14:00:56+00:00\",\"breadcrumb\":{\"@id\":\"https:\\\/\\\/ramonmirabet.com\\\/concerts\\\/#breadcrumb\"},\"inLanguage\":\"es\",\"potentialAction\":[{\"@type\":\"ReadAction\",\"target\":[\"https:\\\/\\\/ramonmirabet.com\\\/concerts\\\/\"]}]},{\"@type\":\"BreadcrumbList\",\"@id\":\"https:\\\/\\\/ramonmirabet.com\\\/concerts\\\/#breadcrumb\",\"itemListElement\":[{\"@type\":\"ListItem\",\"position\":1,\"name\":\"Home\",\"item\":\"https:\\\/\\\/ramonmirabet.com\\\/\"},{\"@type\":\"ListItem\",\"position\":2,\"name\":\"Gira\"}]},{\"@type\":\"WebSite\",\"@id\":\"https:\\\/\\\/ramonmirabet.com\\\/#website\",\"url\":\"https:\\\/\\\/ramonmirabet.com\\\/\",\"name\":\"Ramon Mirabet\",\"description\":\"\",\"publisher\":{\"@id\":\"https:\\\/\\\/ramonmirabet.com\\\/#organization\"},\"potentialAction\":[{\"@type\":\"SearchAction\",\"target\":{\"@type\":\"EntryPoint\",\"urlTemplate\":\"https:\\\/\\\/ramonmirabet.com\\\/?s={search_term_string}\"},\"query-input\":{\"@type\":\"PropertyValueSpecification\",\"valueRequired\":true,\"valueName\":\"search_term_string\"}}],\"inLanguage\":\"es\"},{\"@type\":\"Organization\",\"@id\":\"https:\\\/\\\/ramonmirabet.com\\\/#organization\",\"name\":\"Ramon Mirabet\",\"url\":\"https:\\\/\\\/ramonmirabet.com\\\/\",\"logo\":{\"@type\":\"ImageObject\",\"inLanguage\":\"es\",\"@id\":\"https:\\\/\\\/ramonmirabet.com\\\/#\\\/schema\\\/logo\\\/image\\\/\",\"url\":\"https:\\\/\\\/ramonmirabet.com\\\/wp-content\\\/uploads\\\/2026\\\/04\\\/logo-ramon-mirabet-1.svg\",\"contentUrl\":\"https:\\\/\\\/ramonmirabet.com\\\/wp-content\\\/uploads\\\/2026\\\/04\\\/logo-ramon-mirabet-1.svg\",\"width\":591,\"height\":73,\"caption\":\"Ramon Mirabet\"},\"image\":{\"@id\":\"https:\\\/\\\/ramonmirabet.com\\\/#\\\/schema\\\/logo\\\/image\\\/\"}}]}<\/script>\n<!-- \/ Yoast SEO plugin. -->","yoast_head_json":{"title":"Gira - Ramon Mirabet","robots":{"index":"index","follow":"follow","max-snippet":"max-snippet:-1","max-image-preview":"max-image-preview:large","max-video-preview":"max-video-preview:-1"},"canonical":"https:\/\/ramonmirabet.com\/concerts\/","og_locale":"es_ES","og_type":"article","og_title":"Gira - Ramon Mirabet","og_description":"JUNIO 6 Gira V 2025-26 Festa de Corpus Olot TICKETS JULIO 11 Gira V 2025-26 Festival Musicveu Sant Mar\u00e7al(Caves Oriol Rossell) TICKETS JULIO 31 Gira V 2025-26Festival Sons del M\u00f3n Roses TICKETS NOVIEMBRE 28 All-Star Jazz ProjectFestival Jazz Barcelona BarcelonaPalau de la M\u00fasica TICKETS","og_url":"https:\/\/ramonmirabet.com\/concerts\/","og_site_name":"Ramon Mirabet","article_modified_time":"2026-05-13T14:00:56+00:00","twitter_card":"summary_large_image","twitter_misc":{"Tiempo de lectura":"1 minuto"},"schema":{"@context":"https:\/\/schema.org","@graph":[{"@type":"WebPage","@id":"https:\/\/ramonmirabet.com\/concerts\/","url":"https:\/\/ramonmirabet.com\/concerts\/","name":"Gira - Ramon Mirabet","isPartOf":{"@id":"https:\/\/ramonmirabet.com\/#website"},"datePublished":"2024-07-01T09:36:40+00:00","dateModified":"2026-05-13T14:00:56+00:00","breadcrumb":{"@id":"https:\/\/ramonmirabet.com\/concerts\/#breadcrumb"},"inLanguage":"es","potentialAction":[{"@type":"ReadAction","target":["https:\/\/ramonmirabet.com\/concerts\/"]}]},{"@type":"BreadcrumbList","@id":"https:\/\/ramonmirabet.com\/concerts\/#breadcrumb","itemListElement":[{"@type":"ListItem","position":1,"name":"Home","item":"https:\/\/ramonmirabet.com\/"},{"@type":"ListItem","position":2,"name":"Gira"}]},{"@type":"WebSite","@id":"https:\/\/ramonmirabet.com\/#website","url":"https:\/\/ramonmirabet.com\/","name":"Ramon Mirabet","description":"","publisher":{"@id":"https:\/\/ramonmirabet.com\/#organization"},"potentialAction":[{"@type":"SearchAction","target":{"@type":"EntryPoint","urlTemplate":"https:\/\/ramonmirabet.com\/?s={search_term_string}"},"query-input":{"@type":"PropertyValueSpecification","valueRequired":true,"valueName":"search_term_string"}}],"inLanguage":"es"},{"@type":"Organization","@id":"https:\/\/ramonmirabet.com\/#organization","name":"Ramon Mirabet","url":"https:\/\/ramonmirabet.com\/","logo":{"@type":"ImageObject","inLanguage":"es","@id":"https:\/\/ramonmirabet.com\/#\/schema\/logo\/image\/","url":"https:\/\/ramonmirabet.com\/wp-content\/uploads\/2026\/04\/logo-ramon-mirabet-1.svg","contentUrl":"https:\/\/ramonmirabet.com\/wp-content\/uploads\/2026\/04\/logo-ramon-mirabet-1.svg","width":591,"height":73,"caption":"Ramon Mirabet"},"image":{"@id":"https:\/\/ramonmirabet.com\/#\/schema\/logo\/image\/"}}]}},"_links":{"self":[{"href":"https:\/\/ramonmirabet.com\/es\/wp-json\/wp\/v2\/pages\/16328","targetHints":{"allow":["GET"]}}],"collection":[{"href":"https:\/\/ramonmirabet.com\/es\/wp-json\/wp\/v2\/pages"}],"about":[{"href":"https:\/\/ramonmirabet.com\/es\/wp-json\/wp\/v2\/types\/page"}],"author":[{"embeddable":true,"href":"https:\/\/ramonmirabet.com\/es\/wp-json\/wp\/v2\/users\/1"}],"replies":[{"embeddable":true,"href":"https:\/\/ramonmirabet.com\/es\/wp-json\/wp\/v2\/comments?post=16328"}],"version-history":[{"count":5,"href":"https:\/\/ramonmirabet.com\/es\/wp-json\/wp\/v2\/pages\/16328\/revisions"}],"predecessor-version":[{"id":20480,"href":"https:\/\/ramonmirabet.com\/es\/wp-json\/wp\/v2\/pages\/16328\/revisions\/20480"}],"wp:attachment":[{"href":"https:\/\/ramonmirabet.com\/es\/wp-json\/wp\/v2\/media?parent=16328"}],"curies":[{"name":"wp","href":"https:\/\/api.w.org\/{rel}","templated":true}]}}