{"id":13986,"date":"2024-01-09T11:03:04","date_gmt":"2024-01-09T11:03:04","guid":{"rendered":"https:\/\/ramonmirabet.com\/contact\/"},"modified":"2026-05-13T11:07:49","modified_gmt":"2026-05-13T11:07:49","slug":"contacto","status":"publish","type":"page","link":"https:\/\/ramonmirabet.com\/es\/contacto\/","title":{"rendered":"Contacto"},"content":{"rendered":"\t\t<div data-elementor-type=\"wp-page\" data-elementor-id=\"13986\" class=\"elementor elementor-13986\" data-elementor-post-type=\"page\">\n\t\t\t\t<div class=\"elementor-element elementor-element-06d3f90 e-con-full e-flex e-con e-parent\" data-id=\"06d3f90\" data-element_type=\"container\" data-e-type=\"container\" data-settings=\"{&quot;background_background&quot;:&quot;classic&quot;}\">\n\t\t<div class=\"elementor-element elementor-element-e5c4e1d e-con-full e-flex e-con e-child\" data-id=\"e5c4e1d\" data-element_type=\"container\" data-e-type=\"container\">\n\t\t\t\t<div class=\"elementor-element elementor-element-2dd1316 elementor-widget elementor-widget-the7-heading\" data-id=\"2dd1316\" data-element_type=\"widget\" data-e-type=\"widget\" data-widget_type=\"the7-heading.default\">\n\t\t\t\t<div class=\"elementor-widget-container\">\n\t\t\t\t\t<h1 class=\"the7-heading-title elementor-size-default\">Contacto<\/h1>\t\t\t\t<\/div>\n\t\t\t\t<\/div>\n\t\t\t\t<\/div>\n\t\t\t\t<\/div>\n\t\t<div class=\"elementor-element elementor-element-878e265 e-con-full e-flex e-con e-parent\" data-id=\"878e265\" data-element_type=\"container\" data-e-type=\"container\">\n\t\t\t\t<div class=\"elementor-element elementor-element-13c608d elementor-widget elementor-widget-text-editor\" data-id=\"13c608d\" data-element_type=\"widget\" data-e-type=\"widget\" data-widget_type=\"text-editor.default\">\n\t\t\t\t\t\t\t\t\t<h4>BOOKING<\/h4><p><strong>Pau G\u00fcell &#8211; 647116209<\/strong><br \/><a href=\"mailto:booking@ramonmirabet.com\">booking@ramonmirabet.com<\/a><\/p><h4>MANAGEMENT<\/h4><p><strong>Panda Artist Management<\/strong><br \/><a href=\"mailto:management@ramonmirabet.com\">management@ramonmirabet.com<\/a><\/p><h4>COMUNICACI\u00d3N Y PRESS<\/h4><p><a href=\"mailto:press@ramonmirabet.com\">press@ramonmirabet.com<\/a><\/p><h4>DISCOGR\u00c1FICA<\/h4><p><strong>Panda Records<\/strong><br \/><a href=\"mailto:pinol@pandaartistmanagement.net\">pinol@pandaartistmanagement.net<\/a><\/p><h4>EDITORIAL<\/h4><p><strong>Elna Publishing<\/strong><br \/><a href=\"mailto:laia@pandaartistmanagement.net\">laia@pandaartistmanagement.net<\/a><\/p><h4>OTROS<\/h4><p><a href=\"mailto:info@ramonmirabet.com\">info@ramonmirabet.com<\/a><\/p>\t\t\t\t\t\t\t\t<\/div>\n\t\t\t\t<\/div>\n\t\t\t\t<\/div>\n\t\t","protected":false},"excerpt":{"rendered":"<p>BOOKING Pau G\u00fcell &#8211; 647116209booking@ramonmirabet.com MANAGEMENT Panda Artist Managementmanagement@ramonmirabet.com COMUNICACI\u00d3N Y PRESS press@ramonmirabet.com DISCOGR\u00c1FICA Panda Recordspinol@pandaartistmanagement.net EDITORIAL Elna Publishinglaia@pandaartistmanagement.net OTROS info@ramonmirabet.com<\/p>\n","protected":false},"author":1,"featured_media":0,"parent":0,"menu_order":60,"comment_status":"closed","ping_status":"closed","template":"elementor_header_footer","meta":{"footnotes":""},"class_list":["post-13986","page","type-page","status-publish","hentry"],"yoast_head":"<!-- This site is optimized with the Yoast SEO plugin v27.6 - https:\/\/yoast.com\/product\/yoast-seo-wordpress\/ -->\n<title>Contacto - Ramon Mirabet<\/title>\n<meta name=\"robots\" content=\"index, follow, max-snippet:-1, max-image-preview:large, max-video-preview:-1\" \/>\n<link rel=\"canonical\" href=\"https:\/\/ramonmirabet.com\/contacte\/\" \/>\n<meta property=\"og:locale\" content=\"es_ES\" \/>\n<meta property=\"og:type\" content=\"article\" \/>\n<meta property=\"og:title\" content=\"Contacto - Ramon Mirabet\" \/>\n<meta property=\"og:description\" content=\"BOOKING Pau G\u00fcell &#8211; 647116209booking@ramonmirabet.com MANAGEMENT Panda Artist Managementmanagement@ramonmirabet.com COMUNICACI\u00d3N Y PRESS press@ramonmirabet.com DISCOGR\u00c1FICA Panda Recordspinol@pandaartistmanagement.net EDITORIAL Elna Publishinglaia@pandaartistmanagement.net OTROS info@ramonmirabet.com\" \/>\n<meta property=\"og:url\" content=\"https:\/\/ramonmirabet.com\/contacte\/\" \/>\n<meta property=\"og:site_name\" content=\"Ramon Mirabet\" \/>\n<meta property=\"article:modified_time\" content=\"2026-05-13T11:07:49+00:00\" \/>\n<meta name=\"twitter:card\" content=\"summary_large_image\" \/>\n<meta name=\"twitter:label1\" content=\"Tiempo de lectura\" \/>\n\t<meta name=\"twitter:data1\" content=\"1 minuto\" \/>\n<script type=\"application\/ld+json\" class=\"yoast-schema-graph\">{\"@context\":\"https:\\\/\\\/schema.org\",\"@graph\":[{\"@type\":\"WebPage\",\"@id\":\"https:\\\/\\\/ramonmirabet.com\\\/contacte\\\/\",\"url\":\"https:\\\/\\\/ramonmirabet.com\\\/contacte\\\/\",\"name\":\"Contacto - Ramon Mirabet\",\"isPartOf\":{\"@id\":\"https:\\\/\\\/ramonmirabet.com\\\/#website\"},\"datePublished\":\"2024-01-09T11:03:04+00:00\",\"dateModified\":\"2026-05-13T11:07:49+00:00\",\"breadcrumb\":{\"@id\":\"https:\\\/\\\/ramonmirabet.com\\\/contacte\\\/#breadcrumb\"},\"inLanguage\":\"es\",\"potentialAction\":[{\"@type\":\"ReadAction\",\"target\":[\"https:\\\/\\\/ramonmirabet.com\\\/contacte\\\/\"]}]},{\"@type\":\"BreadcrumbList\",\"@id\":\"https:\\\/\\\/ramonmirabet.com\\\/contacte\\\/#breadcrumb\",\"itemListElement\":[{\"@type\":\"ListItem\",\"position\":1,\"name\":\"Home\",\"item\":\"https:\\\/\\\/ramonmirabet.com\\\/\"},{\"@type\":\"ListItem\",\"position\":2,\"name\":\"Contacto\"}]},{\"@type\":\"WebSite\",\"@id\":\"https:\\\/\\\/ramonmirabet.com\\\/#website\",\"url\":\"https:\\\/\\\/ramonmirabet.com\\\/\",\"name\":\"Ramon Mirabet\",\"description\":\"\",\"publisher\":{\"@id\":\"https:\\\/\\\/ramonmirabet.com\\\/#organization\"},\"potentialAction\":[{\"@type\":\"SearchAction\",\"target\":{\"@type\":\"EntryPoint\",\"urlTemplate\":\"https:\\\/\\\/ramonmirabet.com\\\/?s={search_term_string}\"},\"query-input\":{\"@type\":\"PropertyValueSpecification\",\"valueRequired\":true,\"valueName\":\"search_term_string\"}}],\"inLanguage\":\"es\"},{\"@type\":\"Organization\",\"@id\":\"https:\\\/\\\/ramonmirabet.com\\\/#organization\",\"name\":\"Ramon Mirabet\",\"url\":\"https:\\\/\\\/ramonmirabet.com\\\/\",\"logo\":{\"@type\":\"ImageObject\",\"inLanguage\":\"es\",\"@id\":\"https:\\\/\\\/ramonmirabet.com\\\/#\\\/schema\\\/logo\\\/image\\\/\",\"url\":\"https:\\\/\\\/ramonmirabet.com\\\/wp-content\\\/uploads\\\/2026\\\/04\\\/logo-ramon-mirabet-1.svg\",\"contentUrl\":\"https:\\\/\\\/ramonmirabet.com\\\/wp-content\\\/uploads\\\/2026\\\/04\\\/logo-ramon-mirabet-1.svg\",\"width\":591,\"height\":73,\"caption\":\"Ramon Mirabet\"},\"image\":{\"@id\":\"https:\\\/\\\/ramonmirabet.com\\\/#\\\/schema\\\/logo\\\/image\\\/\"}}]}<\/script>\n<!-- \/ Yoast SEO plugin. -->","yoast_head_json":{"title":"Contacto - Ramon Mirabet","robots":{"index":"index","follow":"follow","max-snippet":"max-snippet:-1","max-image-preview":"max-image-preview:large","max-video-preview":"max-video-preview:-1"},"canonical":"https:\/\/ramonmirabet.com\/contacte\/","og_locale":"es_ES","og_type":"article","og_title":"Contacto - Ramon Mirabet","og_description":"BOOKING Pau G\u00fcell &#8211; 647116209booking@ramonmirabet.com MANAGEMENT Panda Artist Managementmanagement@ramonmirabet.com COMUNICACI\u00d3N Y PRESS press@ramonmirabet.com DISCOGR\u00c1FICA Panda Recordspinol@pandaartistmanagement.net EDITORIAL Elna Publishinglaia@pandaartistmanagement.net OTROS info@ramonmirabet.com","og_url":"https:\/\/ramonmirabet.com\/contacte\/","og_site_name":"Ramon Mirabet","article_modified_time":"2026-05-13T11:07:49+00:00","twitter_card":"summary_large_image","twitter_misc":{"Tiempo de lectura":"1 minuto"},"schema":{"@context":"https:\/\/schema.org","@graph":[{"@type":"WebPage","@id":"https:\/\/ramonmirabet.com\/contacte\/","url":"https:\/\/ramonmirabet.com\/contacte\/","name":"Contacto - Ramon Mirabet","isPartOf":{"@id":"https:\/\/ramonmirabet.com\/#website"},"datePublished":"2024-01-09T11:03:04+00:00","dateModified":"2026-05-13T11:07:49+00:00","breadcrumb":{"@id":"https:\/\/ramonmirabet.com\/contacte\/#breadcrumb"},"inLanguage":"es","potentialAction":[{"@type":"ReadAction","target":["https:\/\/ramonmirabet.com\/contacte\/"]}]},{"@type":"BreadcrumbList","@id":"https:\/\/ramonmirabet.com\/contacte\/#breadcrumb","itemListElement":[{"@type":"ListItem","position":1,"name":"Home","item":"https:\/\/ramonmirabet.com\/"},{"@type":"ListItem","position":2,"name":"Contacto"}]},{"@type":"WebSite","@id":"https:\/\/ramonmirabet.com\/#website","url":"https:\/\/ramonmirabet.com\/","name":"Ramon Mirabet","description":"","publisher":{"@id":"https:\/\/ramonmirabet.com\/#organization"},"potentialAction":[{"@type":"SearchAction","target":{"@type":"EntryPoint","urlTemplate":"https:\/\/ramonmirabet.com\/?s={search_term_string}"},"query-input":{"@type":"PropertyValueSpecification","valueRequired":true,"valueName":"search_term_string"}}],"inLanguage":"es"},{"@type":"Organization","@id":"https:\/\/ramonmirabet.com\/#organization","name":"Ramon Mirabet","url":"https:\/\/ramonmirabet.com\/","logo":{"@type":"ImageObject","inLanguage":"es","@id":"https:\/\/ramonmirabet.com\/#\/schema\/logo\/image\/","url":"https:\/\/ramonmirabet.com\/wp-content\/uploads\/2026\/04\/logo-ramon-mirabet-1.svg","contentUrl":"https:\/\/ramonmirabet.com\/wp-content\/uploads\/2026\/04\/logo-ramon-mirabet-1.svg","width":591,"height":73,"caption":"Ramon Mirabet"},"image":{"@id":"https:\/\/ramonmirabet.com\/#\/schema\/logo\/image\/"}}]}},"_links":{"self":[{"href":"https:\/\/ramonmirabet.com\/es\/wp-json\/wp\/v2\/pages\/13986","targetHints":{"allow":["GET"]}}],"collection":[{"href":"https:\/\/ramonmirabet.com\/es\/wp-json\/wp\/v2\/pages"}],"about":[{"href":"https:\/\/ramonmirabet.com\/es\/wp-json\/wp\/v2\/types\/page"}],"author":[{"embeddable":true,"href":"https:\/\/ramonmirabet.com\/es\/wp-json\/wp\/v2\/users\/1"}],"replies":[{"embeddable":true,"href":"https:\/\/ramonmirabet.com\/es\/wp-json\/wp\/v2\/comments?post=13986"}],"version-history":[{"count":5,"href":"https:\/\/ramonmirabet.com\/es\/wp-json\/wp\/v2\/pages\/13986\/revisions"}],"predecessor-version":[{"id":20404,"href":"https:\/\/ramonmirabet.com\/es\/wp-json\/wp\/v2\/pages\/13986\/revisions\/20404"}],"wp:attachment":[{"href":"https:\/\/ramonmirabet.com\/es\/wp-json\/wp\/v2\/media?parent=13986"}],"curies":[{"name":"wp","href":"https:\/\/api.w.org\/{rel}","templated":true}]}}