{"id":19989,"date":"2024-07-01T09:36:40","date_gmt":"2024-07-01T09:36:40","guid":{"rendered":"https:\/\/ramonmirabet.com\/gira\/"},"modified":"2026-05-13T14:02:10","modified_gmt":"2026-05-13T14:02:10","slug":"tour","status":"publish","type":"page","link":"https:\/\/ramonmirabet.com\/en\/tour\/","title":{"rendered":"Tour"},"content":{"rendered":"\t\t<div data-elementor-type=\"wp-page\" data-elementor-id=\"19989\" class=\"elementor elementor-19989 elementor-16328\" data-elementor-post-type=\"page\">\n\t\t\t\t<div class=\"elementor-element elementor-element-7fdc392 e-con-full e-flex e-con e-parent\" data-id=\"7fdc392\" data-element_type=\"container\" data-e-type=\"container\" data-settings=\"{&quot;background_background&quot;:&quot;classic&quot;}\">\n\t\t<div class=\"elementor-element elementor-element-7ad178b e-con-full e-flex e-con e-child\" data-id=\"7ad178b\" data-element_type=\"container\" data-e-type=\"container\">\n\t\t\t\t<div class=\"elementor-element elementor-element-e28d6b4 elementor-widget elementor-widget-the7-heading\" data-id=\"e28d6b4\" data-element_type=\"widget\" data-e-type=\"widget\" data-widget_type=\"the7-heading.default\">\n\t\t\t\t<div class=\"elementor-widget-container\">\n\t\t\t\t\t<h1 class=\"the7-heading-title elementor-size-default\">Tour<\/h1>\t\t\t\t<\/div>\n\t\t\t\t<\/div>\n\t\t\t\t<\/div>\n\t\t\t\t<\/div>\n\t\t<div class=\"elementor-element elementor-element-2857c2d e-con-full e-flex e-con e-parent\" data-id=\"2857c2d\" data-element_type=\"container\" data-e-type=\"container\">\n\t\t<div class=\"elementor-element elementor-element-b3349ca e-con-full e-flex e-con e-child\" data-id=\"b3349ca\" data-element_type=\"container\" data-e-type=\"container\">\n\t\t<div class=\"elementor-element elementor-element-e1c1126 e-con-full e-flex e-con e-child\" data-id=\"e1c1126\" data-element_type=\"container\" data-e-type=\"container\">\n\t\t<div class=\"elementor-element elementor-element-9de0709 e-con-full e-flex e-con e-child\" data-id=\"9de0709\" data-element_type=\"container\" data-e-type=\"container\">\n\t\t\t\t<div class=\"elementor-element elementor-element-6ff3477 elementor-widget elementor-widget-text-editor\" data-id=\"6ff3477\" data-element_type=\"widget\" data-e-type=\"widget\" data-widget_type=\"text-editor.default\">\n\t\t\t\t\t\t\t\t\t<p>JUNE 6<\/p>\t\t\t\t\t\t\t\t<\/div>\n\t\t\t\t<\/div>\n\t\t<div class=\"elementor-element elementor-element-69ae5ac e-con-full e-flex e-con e-child\" data-id=\"69ae5ac\" data-element_type=\"container\" data-e-type=\"container\">\n\t\t\t\t<div class=\"elementor-element elementor-element-44c5ab3 elementor-widget elementor-widget-text-editor\" data-id=\"44c5ab3\" data-element_type=\"widget\" data-e-type=\"widget\" data-widget_type=\"text-editor.default\">\n\t\t\t\t\t\t\t\t\t<p>Gira V 2025-26<\/p>\t\t\t\t\t\t\t\t<\/div>\n\t\t\t\t<\/div>\n\t\t<div class=\"elementor-element elementor-element-f7f987b e-con-full e-flex e-con e-child\" data-id=\"f7f987b\" data-element_type=\"container\" data-e-type=\"container\">\n\t\t\t\t<div class=\"elementor-element elementor-element-45ef14b elementor-widget elementor-widget-text-editor\" data-id=\"45ef14b\" data-element_type=\"widget\" data-e-type=\"widget\" data-widget_type=\"text-editor.default\">\n\t\t\t\t\t\t\t\t\t<p><strong>Festa de Corpus<\/strong><\/p>\t\t\t\t\t\t\t\t<\/div>\n\t\t\t\t<\/div>\n\t\t<div class=\"elementor-element elementor-element-0495d1b e-con-full e-flex e-con e-child\" data-id=\"0495d1b\" data-element_type=\"container\" data-e-type=\"container\">\n\t\t\t\t<div class=\"elementor-element elementor-element-5d01d23 elementor-widget elementor-widget-text-editor\" data-id=\"5d01d23\" data-element_type=\"widget\" data-e-type=\"widget\" data-widget_type=\"text-editor.default\">\n\t\t\t\t\t\t\t\t\t<p><strong>Olot<\/strong><\/p>\t\t\t\t\t\t\t\t<\/div>\n\t\t\t\t<\/div>\n\t\t<div class=\"elementor-element elementor-element-c208d64 e-con-full e-flex e-con e-child\" data-id=\"c208d64\" data-element_type=\"container\" data-e-type=\"container\">\n\t\t\t\t<div class=\"elementor-element elementor-element-49c24c5 elementor-align-right elementor-mobile-align-center elementor-widget elementor-widget-the7_button_widget\" data-id=\"49c24c5\" data-element_type=\"widget\" data-e-type=\"widget\" data-widget_type=\"the7_button_widget.default\">\n\t\t\t\t<div class=\"elementor-widget-container\">\n\t\t\t\t\t<div class=\"elementor-button-wrapper\"><a href=\"https:\/\/www.descobreixolot.cat\/festa-de-corpus\/\" target=\"_blank\" class=\"box-button elementor-button elementor-size-sm\">TICKETS<\/a><\/div>\t\t\t\t<\/div>\n\t\t\t\t<\/div>\n\t\t\t\t<\/div>\n\t\t\t\t<\/div>\n\t\t<div class=\"elementor-element elementor-element-685c796 e-con-full e-flex e-con e-child\" data-id=\"685c796\" data-element_type=\"container\" data-e-type=\"container\">\n\t\t<div class=\"elementor-element elementor-element-eefb6ca e-con-full e-flex e-con e-child\" data-id=\"eefb6ca\" data-element_type=\"container\" data-e-type=\"container\">\n\t\t\t\t<div class=\"elementor-element elementor-element-cf53004 elementor-widget elementor-widget-text-editor\" data-id=\"cf53004\" data-element_type=\"widget\" data-e-type=\"widget\" data-widget_type=\"text-editor.default\">\n\t\t\t\t\t\t\t\t\t<p>JULY 11<\/p>\t\t\t\t\t\t\t\t<\/div>\n\t\t\t\t<\/div>\n\t\t<div class=\"elementor-element elementor-element-06f0727 e-con-full e-flex e-con e-child\" data-id=\"06f0727\" data-element_type=\"container\" data-e-type=\"container\">\n\t\t\t\t<div class=\"elementor-element elementor-element-10a1e16 elementor-widget elementor-widget-text-editor\" data-id=\"10a1e16\" data-element_type=\"widget\" data-e-type=\"widget\" data-widget_type=\"text-editor.default\">\n\t\t\t\t\t\t\t\t\t<p>Gira V 2025-26<\/p>\t\t\t\t\t\t\t\t<\/div>\n\t\t\t\t<\/div>\n\t\t<div class=\"elementor-element elementor-element-48cc971 e-con-full e-flex e-con e-child\" data-id=\"48cc971\" data-element_type=\"container\" data-e-type=\"container\">\n\t\t\t\t<div class=\"elementor-element elementor-element-80069ea elementor-widget elementor-widget-text-editor\" data-id=\"80069ea\" data-element_type=\"widget\" data-e-type=\"widget\" data-widget_type=\"text-editor.default\">\n\t\t\t\t\t\t\t\t\t<p><strong>Festival Musicveu<\/strong><\/p>\t\t\t\t\t\t\t\t<\/div>\n\t\t\t\t<\/div>\n\t\t<div class=\"elementor-element elementor-element-a956722 e-con-full e-flex e-con e-child\" data-id=\"a956722\" data-element_type=\"container\" data-e-type=\"container\">\n\t\t\t\t<div class=\"elementor-element elementor-element-d1d5416 elementor-widget elementor-widget-text-editor\" data-id=\"d1d5416\" data-element_type=\"widget\" data-e-type=\"widget\" data-widget_type=\"text-editor.default\">\n\t\t\t\t\t\t\t\t\t<p><strong>Sant Mar\u00e7al<br \/><\/strong>(Caves Oriol Rossell)<\/p>\t\t\t\t\t\t\t\t<\/div>\n\t\t\t\t<\/div>\n\t\t<div class=\"elementor-element elementor-element-395eaea e-con-full e-flex e-con e-child\" data-id=\"395eaea\" data-element_type=\"container\" data-e-type=\"container\">\n\t\t\t\t<div class=\"elementor-element elementor-element-2e79636 elementor-align-right elementor-widget elementor-widget-the7_button_widget\" data-id=\"2e79636\" data-element_type=\"widget\" data-e-type=\"widget\" data-widget_type=\"the7_button_widget.default\">\n\t\t\t\t<div class=\"elementor-widget-container\">\n\t\t\t\t\t<div class=\"elementor-button-wrapper\"><a href=\"https:\/\/www.musicveu.cat\/es\/?view=article&#038;id=464:ramon-mirabet&#038;catid=22\" target=\"_blank\" class=\"box-button elementor-button elementor-size-sm\">TICKETS<\/a><\/div>\t\t\t\t<\/div>\n\t\t\t\t<\/div>\n\t\t\t\t<\/div>\n\t\t\t\t<\/div>\n\t\t<div class=\"elementor-element elementor-element-4107526 e-con-full e-flex e-con e-child\" data-id=\"4107526\" data-element_type=\"container\" data-e-type=\"container\">\n\t\t<div class=\"elementor-element elementor-element-dd2dff7 e-con-full e-flex e-con e-child\" data-id=\"dd2dff7\" data-element_type=\"container\" data-e-type=\"container\">\n\t\t\t\t<div class=\"elementor-element elementor-element-e5023e0 elementor-widget elementor-widget-text-editor\" data-id=\"e5023e0\" data-element_type=\"widget\" data-e-type=\"widget\" data-widget_type=\"text-editor.default\">\n\t\t\t\t\t\t\t\t\t<p>JULY 31<\/p>\t\t\t\t\t\t\t\t<\/div>\n\t\t\t\t<\/div>\n\t\t<div class=\"elementor-element elementor-element-c1168b5 e-con-full e-flex e-con e-child\" data-id=\"c1168b5\" data-element_type=\"container\" data-e-type=\"container\">\n\t\t\t\t<div class=\"elementor-element elementor-element-d6178a7 elementor-widget elementor-widget-text-editor\" data-id=\"d6178a7\" data-element_type=\"widget\" data-e-type=\"widget\" data-widget_type=\"text-editor.default\">\n\t\t\t\t\t\t\t\t\tGira V 2025-26\t\t\t\t\t\t\t\t<\/div>\n\t\t\t\t<\/div>\n\t\t<div class=\"elementor-element elementor-element-b871176 e-con-full e-flex e-con e-child\" data-id=\"b871176\" data-element_type=\"container\" data-e-type=\"container\">\n\t\t\t\t<div class=\"elementor-element elementor-element-2cdb717 elementor-widget elementor-widget-text-editor\" data-id=\"2cdb717\" data-element_type=\"widget\" data-e-type=\"widget\" data-widget_type=\"text-editor.default\">\n\t\t\t\t\t\t\t\t\t<strong>Festival Sons del M\u00f3n<\/strong>\t\t\t\t\t\t\t\t<\/div>\n\t\t\t\t<\/div>\n\t\t<div class=\"elementor-element elementor-element-a0afa01 e-con-full e-flex e-con e-child\" data-id=\"a0afa01\" data-element_type=\"container\" data-e-type=\"container\">\n\t\t\t\t<div class=\"elementor-element elementor-element-babaeb9 elementor-widget elementor-widget-text-editor\" data-id=\"babaeb9\" data-element_type=\"widget\" data-e-type=\"widget\" data-widget_type=\"text-editor.default\">\n\t\t\t\t\t\t\t\t\t<p><strong>Roses<\/strong><\/p>\t\t\t\t\t\t\t\t<\/div>\n\t\t\t\t<\/div>\n\t\t<div class=\"elementor-element elementor-element-2c4d2c5 e-con-full e-flex e-con e-child\" data-id=\"2c4d2c5\" data-element_type=\"container\" data-e-type=\"container\">\n\t\t\t\t<div class=\"elementor-element elementor-element-2037cc9 elementor-align-right elementor-widget elementor-widget-the7_button_widget\" data-id=\"2037cc9\" data-element_type=\"widget\" data-e-type=\"widget\" data-widget_type=\"the7_button_widget.default\">\n\t\t\t\t<div class=\"elementor-widget-container\">\n\t\t\t\t\t<div class=\"elementor-button-wrapper\"><a href=\"https:\/\/www.sonsdelmon.cat\/programacio\/147\/15\/els-amics-de-les-arts-blaumut-ramon-mirabet\" target=\"_blank\" class=\"box-button elementor-button elementor-size-sm\">TICKETS<\/a><\/div>\t\t\t\t<\/div>\n\t\t\t\t<\/div>\n\t\t\t\t<\/div>\n\t\t\t\t<\/div>\n\t\t<div class=\"elementor-element elementor-element-0def1d8 e-con-full e-flex e-con e-child\" data-id=\"0def1d8\" data-element_type=\"container\" data-e-type=\"container\">\n\t\t<div class=\"elementor-element elementor-element-47cbd3d e-con-full e-flex e-con e-child\" data-id=\"47cbd3d\" data-element_type=\"container\" data-e-type=\"container\">\n\t\t\t\t<div class=\"elementor-element elementor-element-f6601b8 elementor-widget elementor-widget-text-editor\" data-id=\"f6601b8\" data-element_type=\"widget\" data-e-type=\"widget\" data-widget_type=\"text-editor.default\">\n\t\t\t\t\t\t\t\t\t<p>NOVEMBER 28<\/p>\t\t\t\t\t\t\t\t<\/div>\n\t\t\t\t<\/div>\n\t\t<div class=\"elementor-element elementor-element-9309d21 e-con-full e-flex e-con e-child\" data-id=\"9309d21\" data-element_type=\"container\" data-e-type=\"container\">\n\t\t\t\t<div class=\"elementor-element elementor-element-e28c2ac elementor-widget elementor-widget-text-editor\" data-id=\"e28c2ac\" data-element_type=\"widget\" data-e-type=\"widget\" data-widget_type=\"text-editor.default\">\n\t\t\t\t\t\t\t\t\tAll-Star Jazz Project\t\t\t\t\t\t\t\t<\/div>\n\t\t\t\t<\/div>\n\t\t<div class=\"elementor-element elementor-element-7cf06c4 e-con-full e-flex e-con e-child\" data-id=\"7cf06c4\" data-element_type=\"container\" data-e-type=\"container\">\n\t\t\t\t<div class=\"elementor-element elementor-element-2d280fe elementor-widget elementor-widget-text-editor\" data-id=\"2d280fe\" data-element_type=\"widget\" data-e-type=\"widget\" data-widget_type=\"text-editor.default\">\n\t\t\t\t\t\t\t\t\t<strong>Festival Jazz Barcelona<\/strong>\t\t\t\t\t\t\t\t<\/div>\n\t\t\t\t<\/div>\n\t\t<div class=\"elementor-element elementor-element-506680d e-con-full e-flex e-con e-child\" data-id=\"506680d\" data-element_type=\"container\" data-e-type=\"container\">\n\t\t\t\t<div class=\"elementor-element elementor-element-5093075 elementor-widget elementor-widget-text-editor\" data-id=\"5093075\" data-element_type=\"widget\" data-e-type=\"widget\" data-widget_type=\"text-editor.default\">\n\t\t\t\t\t\t\t\t\t<p><strong>Barcelona<\/strong><br \/>Palau de la M\u00fasica<\/p>\t\t\t\t\t\t\t\t<\/div>\n\t\t\t\t<\/div>\n\t\t<div class=\"elementor-element elementor-element-b3b1b87 e-con-full e-flex e-con e-child\" data-id=\"b3b1b87\" data-element_type=\"container\" data-e-type=\"container\">\n\t\t\t\t<div class=\"elementor-element elementor-element-8d4ba23 elementor-align-right elementor-widget elementor-widget-the7_button_widget\" data-id=\"8d4ba23\" data-element_type=\"widget\" data-e-type=\"widget\" data-widget_type=\"the7_button_widget.default\">\n\t\t\t\t<div class=\"elementor-widget-container\">\n\t\t\t\t\t<div class=\"elementor-button-wrapper\"><a href=\"https:\/\/www.jazz.barcelona\/ca\/ramon-mirabet?utm_source=ig&#038;utm_medium=social&#038;utm_content=link_in_bio\" target=\"_blank\" class=\"box-button elementor-button elementor-size-sm\">TICKETS<\/a><\/div>\t\t\t\t<\/div>\n\t\t\t\t<\/div>\n\t\t\t\t<\/div>\n\t\t\t\t<\/div>\n\t\t\t\t<div class=\"elementor-element elementor-element-9696732 elementor-widget-divider--view-line elementor-widget elementor-widget-divider\" data-id=\"9696732\" data-element_type=\"widget\" data-e-type=\"widget\" data-widget_type=\"divider.default\">\n\t\t\t\t\t\t\t<div class=\"elementor-divider\">\n\t\t\t<span class=\"elementor-divider-separator\">\n\t\t\t\t\t\t<\/span>\n\t\t<\/div>\n\t\t\t\t\t\t<\/div>\n\t\t\t\t<\/div>\n\t\t\t\t<\/div>\n\t\t\t\t<\/div>\n\t\t","protected":false},"excerpt":{"rendered":"<p>JUNE 6 Gira V 2025-26 Festa de Corpus Olot TICKETS JULY 11 Gira V 2025-26 Festival Musicveu Sant Mar\u00e7al(Caves Oriol Rossell) TICKETS JULY 31 Gira V 2025-26Festival Sons del M\u00f3n Roses TICKETS NOVEMBER 28 All-Star Jazz ProjectFestival Jazz Barcelona BarcelonaPalau de la M\u00fasica TICKETS<\/p>\n","protected":false},"author":1,"featured_media":0,"parent":0,"menu_order":20,"comment_status":"closed","ping_status":"closed","template":"elementor_header_footer","meta":{"footnotes":""},"class_list":["post-19989","page","type-page","status-publish","hentry"],"yoast_head":"<!-- This site is optimized with the Yoast SEO plugin v27.6 - https:\/\/yoast.com\/product\/yoast-seo-wordpress\/ -->\n<title>Tour - Ramon Mirabet<\/title>\n<meta name=\"robots\" content=\"index, follow, max-snippet:-1, max-image-preview:large, max-video-preview:-1\" \/>\n<link rel=\"canonical\" href=\"https:\/\/ramonmirabet.com\/concerts\/\" \/>\n<meta property=\"og:locale\" content=\"en_US\" \/>\n<meta property=\"og:type\" content=\"article\" \/>\n<meta property=\"og:title\" content=\"Tour - Ramon Mirabet\" \/>\n<meta property=\"og:description\" content=\"JUNE 6 Gira V 2025-26 Festa de Corpus Olot TICKETS JULY 11 Gira V 2025-26 Festival Musicveu Sant Mar\u00e7al(Caves Oriol Rossell) TICKETS JULY 31 Gira V 2025-26Festival Sons del M\u00f3n Roses TICKETS NOVEMBER 28 All-Star Jazz ProjectFestival Jazz Barcelona BarcelonaPalau de la M\u00fasica TICKETS\" \/>\n<meta property=\"og:url\" content=\"https:\/\/ramonmirabet.com\/concerts\/\" \/>\n<meta property=\"og:site_name\" content=\"Ramon Mirabet\" \/>\n<meta property=\"article:modified_time\" content=\"2026-05-13T14:02:10+00:00\" \/>\n<meta name=\"twitter:card\" content=\"summary_large_image\" \/>\n<meta name=\"twitter:label1\" content=\"Est. reading time\" \/>\n\t<meta name=\"twitter:data1\" content=\"1 minute\" \/>\n<script type=\"application\/ld+json\" class=\"yoast-schema-graph\">{\"@context\":\"https:\\\/\\\/schema.org\",\"@graph\":[{\"@type\":\"WebPage\",\"@id\":\"https:\\\/\\\/ramonmirabet.com\\\/concerts\\\/\",\"url\":\"https:\\\/\\\/ramonmirabet.com\\\/concerts\\\/\",\"name\":\"Tour - Ramon Mirabet\",\"isPartOf\":{\"@id\":\"https:\\\/\\\/ramonmirabet.com\\\/#website\"},\"datePublished\":\"2024-07-01T09:36:40+00:00\",\"dateModified\":\"2026-05-13T14:02:10+00:00\",\"breadcrumb\":{\"@id\":\"https:\\\/\\\/ramonmirabet.com\\\/concerts\\\/#breadcrumb\"},\"inLanguage\":\"en-US\",\"potentialAction\":[{\"@type\":\"ReadAction\",\"target\":[\"https:\\\/\\\/ramonmirabet.com\\\/concerts\\\/\"]}]},{\"@type\":\"BreadcrumbList\",\"@id\":\"https:\\\/\\\/ramonmirabet.com\\\/concerts\\\/#breadcrumb\",\"itemListElement\":[{\"@type\":\"ListItem\",\"position\":1,\"name\":\"Home\",\"item\":\"https:\\\/\\\/ramonmirabet.com\\\/\"},{\"@type\":\"ListItem\",\"position\":2,\"name\":\"Tour\"}]},{\"@type\":\"WebSite\",\"@id\":\"https:\\\/\\\/ramonmirabet.com\\\/#website\",\"url\":\"https:\\\/\\\/ramonmirabet.com\\\/\",\"name\":\"Ramon Mirabet\",\"description\":\"\",\"publisher\":{\"@id\":\"https:\\\/\\\/ramonmirabet.com\\\/#organization\"},\"potentialAction\":[{\"@type\":\"SearchAction\",\"target\":{\"@type\":\"EntryPoint\",\"urlTemplate\":\"https:\\\/\\\/ramonmirabet.com\\\/?s={search_term_string}\"},\"query-input\":{\"@type\":\"PropertyValueSpecification\",\"valueRequired\":true,\"valueName\":\"search_term_string\"}}],\"inLanguage\":\"en-US\"},{\"@type\":\"Organization\",\"@id\":\"https:\\\/\\\/ramonmirabet.com\\\/#organization\",\"name\":\"Ramon Mirabet\",\"url\":\"https:\\\/\\\/ramonmirabet.com\\\/\",\"logo\":{\"@type\":\"ImageObject\",\"inLanguage\":\"en-US\",\"@id\":\"https:\\\/\\\/ramonmirabet.com\\\/#\\\/schema\\\/logo\\\/image\\\/\",\"url\":\"https:\\\/\\\/ramonmirabet.com\\\/wp-content\\\/uploads\\\/2026\\\/04\\\/logo-ramon-mirabet-1.svg\",\"contentUrl\":\"https:\\\/\\\/ramonmirabet.com\\\/wp-content\\\/uploads\\\/2026\\\/04\\\/logo-ramon-mirabet-1.svg\",\"width\":591,\"height\":73,\"caption\":\"Ramon Mirabet\"},\"image\":{\"@id\":\"https:\\\/\\\/ramonmirabet.com\\\/#\\\/schema\\\/logo\\\/image\\\/\"}}]}<\/script>\n<!-- \/ Yoast SEO plugin. -->","yoast_head_json":{"title":"Tour - Ramon Mirabet","robots":{"index":"index","follow":"follow","max-snippet":"max-snippet:-1","max-image-preview":"max-image-preview:large","max-video-preview":"max-video-preview:-1"},"canonical":"https:\/\/ramonmirabet.com\/concerts\/","og_locale":"en_US","og_type":"article","og_title":"Tour - Ramon Mirabet","og_description":"JUNE 6 Gira V 2025-26 Festa de Corpus Olot TICKETS JULY 11 Gira V 2025-26 Festival Musicveu Sant Mar\u00e7al(Caves Oriol Rossell) TICKETS JULY 31 Gira V 2025-26Festival Sons del M\u00f3n Roses TICKETS NOVEMBER 28 All-Star Jazz ProjectFestival Jazz Barcelona BarcelonaPalau de la M\u00fasica TICKETS","og_url":"https:\/\/ramonmirabet.com\/concerts\/","og_site_name":"Ramon Mirabet","article_modified_time":"2026-05-13T14:02:10+00:00","twitter_card":"summary_large_image","twitter_misc":{"Est. reading time":"1 minute"},"schema":{"@context":"https:\/\/schema.org","@graph":[{"@type":"WebPage","@id":"https:\/\/ramonmirabet.com\/concerts\/","url":"https:\/\/ramonmirabet.com\/concerts\/","name":"Tour - Ramon Mirabet","isPartOf":{"@id":"https:\/\/ramonmirabet.com\/#website"},"datePublished":"2024-07-01T09:36:40+00:00","dateModified":"2026-05-13T14:02:10+00:00","breadcrumb":{"@id":"https:\/\/ramonmirabet.com\/concerts\/#breadcrumb"},"inLanguage":"en-US","potentialAction":[{"@type":"ReadAction","target":["https:\/\/ramonmirabet.com\/concerts\/"]}]},{"@type":"BreadcrumbList","@id":"https:\/\/ramonmirabet.com\/concerts\/#breadcrumb","itemListElement":[{"@type":"ListItem","position":1,"name":"Home","item":"https:\/\/ramonmirabet.com\/"},{"@type":"ListItem","position":2,"name":"Tour"}]},{"@type":"WebSite","@id":"https:\/\/ramonmirabet.com\/#website","url":"https:\/\/ramonmirabet.com\/","name":"Ramon Mirabet","description":"","publisher":{"@id":"https:\/\/ramonmirabet.com\/#organization"},"potentialAction":[{"@type":"SearchAction","target":{"@type":"EntryPoint","urlTemplate":"https:\/\/ramonmirabet.com\/?s={search_term_string}"},"query-input":{"@type":"PropertyValueSpecification","valueRequired":true,"valueName":"search_term_string"}}],"inLanguage":"en-US"},{"@type":"Organization","@id":"https:\/\/ramonmirabet.com\/#organization","name":"Ramon Mirabet","url":"https:\/\/ramonmirabet.com\/","logo":{"@type":"ImageObject","inLanguage":"en-US","@id":"https:\/\/ramonmirabet.com\/#\/schema\/logo\/image\/","url":"https:\/\/ramonmirabet.com\/wp-content\/uploads\/2026\/04\/logo-ramon-mirabet-1.svg","contentUrl":"https:\/\/ramonmirabet.com\/wp-content\/uploads\/2026\/04\/logo-ramon-mirabet-1.svg","width":591,"height":73,"caption":"Ramon Mirabet"},"image":{"@id":"https:\/\/ramonmirabet.com\/#\/schema\/logo\/image\/"}}]}},"_links":{"self":[{"href":"https:\/\/ramonmirabet.com\/en\/wp-json\/wp\/v2\/pages\/19989","targetHints":{"allow":["GET"]}}],"collection":[{"href":"https:\/\/ramonmirabet.com\/en\/wp-json\/wp\/v2\/pages"}],"about":[{"href":"https:\/\/ramonmirabet.com\/en\/wp-json\/wp\/v2\/types\/page"}],"author":[{"embeddable":true,"href":"https:\/\/ramonmirabet.com\/en\/wp-json\/wp\/v2\/users\/1"}],"replies":[{"embeddable":true,"href":"https:\/\/ramonmirabet.com\/en\/wp-json\/wp\/v2\/comments?post=19989"}],"version-history":[{"count":5,"href":"https:\/\/ramonmirabet.com\/en\/wp-json\/wp\/v2\/pages\/19989\/revisions"}],"predecessor-version":[{"id":20486,"href":"https:\/\/ramonmirabet.com\/en\/wp-json\/wp\/v2\/pages\/19989\/revisions\/20486"}],"wp:attachment":[{"href":"https:\/\/ramonmirabet.com\/en\/wp-json\/wp\/v2\/media?parent=19989"}],"curies":[{"name":"wp","href":"https:\/\/api.w.org\/{rel}","templated":true}]}}